{"id":637,"date":"2023-08-10T07:36:03","date_gmt":"2023-08-10T07:36:03","guid":{"rendered":"https:\/\/alpaca-austria.com\/?page_id=637"},"modified":"2023-09-20T07:46:59","modified_gmt":"2023-09-20T07:46:59","slug":"herdbuchpruefung","status":"publish","type":"page","link":"https:\/\/alpaca-austria.com\/?page_id=637","title":{"rendered":"HERDBUCHPR\u00dcFUNG"},"content":{"rendered":"\t\t<div data-elementor-type=\"wp-page\" data-elementor-id=\"637\" class=\"elementor elementor-637\" data-elementor-post-type=\"page\">\n\t\t\t\t\t\t<section class=\"elementor-section elementor-top-section elementor-element elementor-element-416102b elementor-section-height-min-height elementor-section-boxed elementor-section-height-default elementor-section-items-middle\" data-id=\"416102b\" data-element_type=\"section\" data-settings=\"{&quot;background_background&quot;:&quot;classic&quot;}\">\n\t\t\t\t\t\t<div class=\"elementor-container elementor-column-gap-default\">\n\t\t\t\t\t<div class=\"elementor-column elementor-col-100 elementor-top-column elementor-element elementor-element-59ad2bc\" data-id=\"59ad2bc\" data-element_type=\"column\">\n\t\t\t<div class=\"elementor-widget-wrap\">\n\t\t\t\t\t\t\t<\/div>\n\t\t<\/div>\n\t\t\t\t\t<\/div>\n\t\t<\/section>\n\t\t\t\t<section class=\"elementor-section elementor-top-section elementor-element elementor-element-dec7df2 elementor-section-boxed elementor-section-height-default elementor-section-height-default\" data-id=\"dec7df2\" data-element_type=\"section\">\n\t\t\t\t\t\t<div class=\"elementor-container elementor-column-gap-default\">\n\t\t\t\t\t<div class=\"elementor-column elementor-col-100 elementor-top-column elementor-element elementor-element-b0cbaef\" data-id=\"b0cbaef\" data-element_type=\"column\">\n\t\t\t<div class=\"elementor-widget-wrap elementor-element-populated\">\n\t\t\t\t\t\t<div class=\"elementor-element elementor-element-bd19cba elementor-widget elementor-widget-image\" data-id=\"bd19cba\" data-element_type=\"widget\" data-widget_type=\"image.default\">\n\t\t\t\t<div class=\"elementor-widget-container\">\n\t\t\t\t\t\t\t\t\t\t\t\t\t\t\t<img fetchpriority=\"high\" decoding=\"async\" width=\"536\" height=\"140\" src=\"https:\/\/alpaca-austria.com\/wp-content\/uploads\/2022\/11\/bildmarke_aaa-1-1.png\" class=\"attachment-large size-large wp-image-111\" alt=\"\" srcset=\"https:\/\/alpaca-austria.com\/wp-content\/uploads\/2022\/11\/bildmarke_aaa-1-1.png 536w, https:\/\/alpaca-austria.com\/wp-content\/uploads\/2022\/11\/bildmarke_aaa-1-1-300x78.png 300w\" sizes=\"(max-width: 536px) 100vw, 536px\" \/>\t\t\t\t\t\t\t\t\t\t\t\t\t\t\t<\/div>\n\t\t\t\t<\/div>\n\t\t\t\t<div class=\"elementor-element elementor-element-15e4ae3 elementor-widget elementor-widget-heading\" data-id=\"15e4ae3\" data-element_type=\"widget\" data-widget_type=\"heading.default\">\n\t\t\t\t<div class=\"elementor-widget-container\">\n\t\t\t\t\t<h2 class=\"elementor-heading-title elementor-size-default\">HERDBUCHPR\u00dcFUNG 2023<\/h2>\t\t\t\t<\/div>\n\t\t\t\t<\/div>\n\t\t\t\t<section class=\"elementor-section elementor-inner-section elementor-element elementor-element-90b9ffe elementor-section-boxed elementor-section-height-default elementor-section-height-default\" data-id=\"90b9ffe\" data-element_type=\"section\">\n\t\t\t\t\t\t<div class=\"elementor-container elementor-column-gap-default\">\n\t\t\t\t\t<div class=\"elementor-column elementor-col-100 elementor-inner-column elementor-element elementor-element-9bb7eaf\" data-id=\"9bb7eaf\" data-element_type=\"column\">\n\t\t\t<div class=\"elementor-widget-wrap elementor-element-populated\">\n\t\t\t\t\t\t<div class=\"elementor-element elementor-element-7c2884e elementor-widget elementor-widget-text-editor\" data-id=\"7c2884e\" data-element_type=\"widget\" data-widget_type=\"text-editor.default\">\n\t\t\t\t<div class=\"elementor-widget-container\">\n\t\t\t\t\t\t\t\t\t<p><span class=\"s3\">Allgemeines:<\/span> Die Herdbuchpr\u00fcfung 2023 wird vom 02.10 bis 05.10, Reservetag 06.10, stattfinden<\/p><p>Richter ist Wade Gease, Tier\u00e4rztin Dr Anna St\u00f6lzl. Vom Verein werden 3-4 Personen mit dabei sein.<\/p><p>Die Bewertung wird auf 2 Tablets (1 X Richter, 1 X TA) eingegeben und nach Abschluss der Bewertung direkt per Mail an den Besitzer des Tieres verschickt, die Punkte und das Ranking aller Tiere bekommen alle Teilnehmer nach Abschluss der Tour. Der Tourplan wird Euch nach Meldeschluss zugesandt, bitte bedenkt, dass diesmal nicht am Wochenende bewertet werden kann<\/p><p><span class=\"s3\">Teilnahmeberechtigte Tiere:<\/span><\/p><p>Mindestalter 1 Jahr aber jedoch Hengste 45 kg, Stuten 40 kg.<\/p><p>Wenn jemand Tiere vorstellen m\u00f6chte, um eine Meinung des Richters zu h\u00f6ren aber nicht f\u00fcr das Herdbuch so muss das gemeldet werden, der Preis ist derselbe wir f\u00fcr Tiere, die ins Herdbuch aufgenommen werden sollen. Die Tiere m\u00fcssen im AAA Herdbuch registriert und gechipt sein. DNA kann vor Ort genommen werden ist aber nicht Bedingung. Ein Foto des Tieres sollte im Herdbuch hochgeladen werden, ansonsten wird anstelle des Fotos das AAA Logo in der Urkunde angedruckt. Der Betrieb muss NICHT zwingend am TB Programm teilnehmen da ja keine Tiere aus anderen Betrieben auf den Hof kommen.<\/p><p><strong><span class=\"s3\">Preis:<\/span><span class=\"s3\"><br \/><\/span><\/strong>Die Herdbuchpr\u00fcfung bei anderen Verb\u00e4nden liegt bei +\/- 120 \u20ac je Tier, wir werden die Herdbuchpr\u00fcfung mit 70 \u20ac je Tier sponsoren, also liegt der Preis pro Tier bei 60 \u20ac. Es m\u00fcssen mindestens 5 Tiere vorgestellt werden bei 4 Tieren wird das Team kommen, es werden jedoch 5 Tiere verrechnet. Mehr als 5 Tiere sind m\u00f6glich. Sollte ein Betrieb zu weit von der geplanten Route liegen werden wir euch kontaktieren um eine L\u00f6sung zu finden, ein Recht auf Teilnahme besteht nicht, eine lange Anfahrt um einige, wenige Tiere zu bewerten ist jedoch (aus Zeitgr\u00fcnden und wirtschaftlich) nicht m\u00f6glich. Die definitive Anmeldung muss mit untenliegendem Formular bis <span class=\"s4\">sp\u00e4testens 17.09.2023 <\/span>erfolgen.<\/p><p><strong><span class=\"s3\">Bewertung:<br \/><\/span><\/strong>Die Bewertung orientiert sich an der Pr\u00fcfung vom letzten Mal und geht von einem \u201eStandardtier\u201c mit 2 Jahren und 16 Mikron aus. Es ist klar, dass das ein zu erreichendes Ziel ist, aber wir wollen ja vorw\u00e4rts z\u00fcchten und nicht jedes Jahr die Bewertung \u00e4ndern m\u00fcssen.<\/p><p><strong>Es werden folgende Punkte verteilt:<\/strong><\/p><p>Ph\u00e4notyp: \u200b\u200b217 Punkte<\/p><p>Faser Richter\u200b\u200b140 Punkte<\/p><p>Faser Labor\u200b\u200b140 Punkte (3 faserproben werden vor Ort genommen und im Labor analysiert)<\/p><p>Tierarzt \u200b\u200b \u00a033 Punkte<\/p><p>F\u00fcr \u00e4ltere Tiere, die immer noch top sind, werden Zusatzpunkte im Bereich Faser vergeben<\/p><p><strong><span class=\"s3\">Anforderung vor Ort:<br \/><\/span><\/strong>Tier m\u00fcssen trocken sein, ein vor Wetter gesch\u00fctzter Platz zur Bewertung mit viel Licht mussvorhanden sein. Die Tiere m\u00fcssen vor Ort sein, langes Warten st\u00f6rt den Zeitplan und ist zu vermeiden. Die Tiere m\u00fcssen am Halfter vorgef\u00fchrt werden da auch der Gang der Tiere bewertet wird. 2 anwesende Personen pro Farm sind Bedingung. Die Tiere m\u00fcssen gewogen sein, das Gewicht in der Anmeldung bekanntgeben.<\/p><p>Es werden nach der HBP Auswertungen, Schleifen je Altersklasse und Punkten sowie Pokale f\u00fcr die besten Tiere vergeben, voraussichtlich werden die Preise auf der n\u00e4chsten Hauptversammlung \u00fcberreicht<\/p>\t\t\t\t\t\t\t\t<\/div>\n\t\t\t\t<\/div>\n\t\t\t\t\t<\/div>\n\t\t<\/div>\n\t\t\t\t\t<\/div>\n\t\t<\/section>\n\t\t\t\t\t<\/div>\n\t\t<\/div>\n\t\t\t\t\t<\/div>\n\t\t<\/section>\n\t\t\t\t<\/div>\n\t\t","protected":false},"excerpt":{"rendered":"<p>HERDBUCHPR\u00dcFUNG 2023 Allgemeines: Die Herdbuchpr\u00fcfung 2023 wird vom 02.10 bis 05.10, Reservetag 06.10, stattfinden Richter ist Wade Gease, Tier\u00e4rztin Dr Anna St\u00f6lzl. Vom Verein werden 3-4 Personen mit dabei sein. Die Bewertung wird auf 2 Tablets (1 X Richter, 1 X TA) eingegeben und nach Abschluss der Bewertung direkt per Mail an den Besitzer des [&hellip;]<\/p>\n","protected":false},"author":1,"featured_media":0,"parent":632,"menu_order":0,"comment_status":"closed","ping_status":"closed","template":"elementor_header_footer","meta":{"footnotes":""},"class_list":["post-637","page","type-page","status-publish","hentry"],"_links":{"self":[{"href":"https:\/\/alpaca-austria.com\/index.php?rest_route=\/wp\/v2\/pages\/637","targetHints":{"allow":["GET"]}}],"collection":[{"href":"https:\/\/alpaca-austria.com\/index.php?rest_route=\/wp\/v2\/pages"}],"about":[{"href":"https:\/\/alpaca-austria.com\/index.php?rest_route=\/wp\/v2\/types\/page"}],"author":[{"embeddable":true,"href":"https:\/\/alpaca-austria.com\/index.php?rest_route=\/wp\/v2\/users\/1"}],"replies":[{"embeddable":true,"href":"https:\/\/alpaca-austria.com\/index.php?rest_route=%2Fwp%2Fv2%2Fcomments&post=637"}],"version-history":[{"count":34,"href":"https:\/\/alpaca-austria.com\/index.php?rest_route=\/wp\/v2\/pages\/637\/revisions"}],"predecessor-version":[{"id":733,"href":"https:\/\/alpaca-austria.com\/index.php?rest_route=\/wp\/v2\/pages\/637\/revisions\/733"}],"up":[{"embeddable":true,"href":"https:\/\/alpaca-austria.com\/index.php?rest_route=\/wp\/v2\/pages\/632"}],"wp:attachment":[{"href":"https:\/\/alpaca-austria.com\/index.php?rest_route=%2Fwp%2Fv2%2Fmedia&parent=637"}],"curies":[{"name":"wp","href":"https:\/\/api.w.org\/{rel}","templated":true}]}}