{"id":49,"date":"2022-11-28T08:01:14","date_gmt":"2022-11-28T08:01:14","guid":{"rendered":"http:\/\/ll998nap.at.edis.global\/?page_id=49"},"modified":"2023-01-09T13:33:35","modified_gmt":"2023-01-09T13:33:35","slug":"mitgliedsantrag","status":"publish","type":"page","link":"https:\/\/alpaca-austria.com\/?page_id=49","title":{"rendered":"MITGLIEDSANTRAG"},"content":{"rendered":"\t\t<div data-elementor-type=\"wp-page\" data-elementor-id=\"49\" class=\"elementor elementor-49\" data-elementor-post-type=\"page\">\n\t\t\t\t\t\t<section class=\"elementor-section elementor-top-section elementor-element elementor-element-5e455bd0 elementor-section-height-min-height elementor-section-boxed elementor-section-height-default elementor-section-items-middle\" data-id=\"5e455bd0\" data-element_type=\"section\" data-settings=\"{&quot;background_background&quot;:&quot;classic&quot;}\">\n\t\t\t\t\t\t<div class=\"elementor-container elementor-column-gap-default\">\n\t\t\t\t\t<div class=\"elementor-column elementor-col-100 elementor-top-column elementor-element elementor-element-4385766d\" data-id=\"4385766d\" data-element_type=\"column\">\n\t\t\t<div class=\"elementor-widget-wrap\">\n\t\t\t\t\t\t\t<\/div>\n\t\t<\/div>\n\t\t\t\t\t<\/div>\n\t\t<\/section>\n\t\t\t\t<section class=\"elementor-section elementor-top-section elementor-element elementor-element-1966f74a elementor-section-boxed elementor-section-height-default elementor-section-height-default\" data-id=\"1966f74a\" data-element_type=\"section\">\n\t\t\t\t\t\t<div class=\"elementor-container elementor-column-gap-default\">\n\t\t\t\t\t<div class=\"elementor-column elementor-col-100 elementor-top-column elementor-element elementor-element-53e8b73a\" data-id=\"53e8b73a\" data-element_type=\"column\">\n\t\t\t<div class=\"elementor-widget-wrap elementor-element-populated\">\n\t\t\t\t\t\t<div class=\"elementor-element elementor-element-42aba35b elementor-widget elementor-widget-image\" data-id=\"42aba35b\" data-element_type=\"widget\" data-widget_type=\"image.default\">\n\t\t\t\t<div class=\"elementor-widget-container\">\n\t\t\t\t\t\t\t\t\t\t\t\t\t\t\t<img fetchpriority=\"high\" decoding=\"async\" width=\"536\" height=\"140\" src=\"https:\/\/alpaca-austria.com\/wp-content\/uploads\/2022\/11\/bildmarke_aaa-1-1.png\" class=\"attachment-large size-large wp-image-111\" alt=\"\" srcset=\"https:\/\/alpaca-austria.com\/wp-content\/uploads\/2022\/11\/bildmarke_aaa-1-1.png 536w, https:\/\/alpaca-austria.com\/wp-content\/uploads\/2022\/11\/bildmarke_aaa-1-1-300x78.png 300w\" sizes=\"(max-width: 536px) 100vw, 536px\" \/>\t\t\t\t\t\t\t\t\t\t\t\t\t\t\t<\/div>\n\t\t\t\t<\/div>\n\t\t\t\t<div class=\"elementor-element elementor-element-744ab97d elementor-widget elementor-widget-heading\" data-id=\"744ab97d\" data-element_type=\"widget\" data-widget_type=\"heading.default\">\n\t\t\t\t<div class=\"elementor-widget-container\">\n\t\t\t\t\t<h2 class=\"elementor-heading-title elementor-size-default\">MITGLIEDSANTRAG<BR>\n&amp; STATUTEN<\/h2>\t\t\t\t<\/div>\n\t\t\t\t<\/div>\n\t\t\t\t<div class=\"elementor-element elementor-element-7a495c81 elementor-widget elementor-widget-heading\" data-id=\"7a495c81\" data-element_type=\"widget\" data-widget_type=\"heading.default\">\n\t\t\t\t<div class=\"elementor-widget-container\">\n\t\t\t\t\t<h2 class=\"elementor-heading-title elementor-size-default\">FORMULARE &amp; INFOS<\/h2>\t\t\t\t<\/div>\n\t\t\t\t<\/div>\n\t\t\t\t\t<\/div>\n\t\t<\/div>\n\t\t\t\t\t<\/div>\n\t\t<\/section>\n\t\t\t\t<section class=\"elementor-section elementor-top-section elementor-element elementor-element-37d52935 elementor-section-boxed elementor-section-height-default elementor-section-height-default\" data-id=\"37d52935\" data-element_type=\"section\">\n\t\t\t\t\t\t<div class=\"elementor-container elementor-column-gap-default\">\n\t\t\t\t\t<div class=\"elementor-column elementor-col-25 elementor-top-column elementor-element elementor-element-63abe8e0\" data-id=\"63abe8e0\" data-element_type=\"column\" data-settings=\"{&quot;background_background&quot;:&quot;classic&quot;}\">\n\t\t\t<div class=\"elementor-widget-wrap elementor-element-populated\">\n\t\t\t\t\t\t<div class=\"elementor-element elementor-element-1d7e5a15 elementor-widget elementor-widget-heading\" data-id=\"1d7e5a15\" data-element_type=\"widget\" data-widget_type=\"heading.default\">\n\t\t\t\t<div class=\"elementor-widget-container\">\n\t\t\t\t\t<h2 class=\"elementor-heading-title elementor-size-default\"><a href=\"https:\/\/alpaca-austria.com\/wp-content\/uploads\/2023\/01\/AAA_Antrag_Mitgliedschaft_01_2023-lv-1.pdf\" target=\"_blank\">ANTRAG MITGLIEDSCHAFT<\/a><\/h2>\t\t\t\t<\/div>\n\t\t\t\t<\/div>\n\t\t\t\t\t<\/div>\n\t\t<\/div>\n\t\t\t\t<div class=\"elementor-column elementor-col-25 elementor-top-column elementor-element elementor-element-1fe2c6d7\" data-id=\"1fe2c6d7\" data-element_type=\"column\" data-settings=\"{&quot;background_background&quot;:&quot;classic&quot;}\">\n\t\t\t<div class=\"elementor-widget-wrap elementor-element-populated\">\n\t\t\t\t\t\t<div class=\"elementor-element elementor-element-4600e6c6 elementor-widget elementor-widget-heading\" data-id=\"4600e6c6\" data-element_type=\"widget\" data-widget_type=\"heading.default\">\n\t\t\t\t<div class=\"elementor-widget-container\">\n\t\t\t\t\t<h2 class=\"elementor-heading-title elementor-size-default\"><a href=\"https:\/\/alpaca-austria.com\/wp-content\/uploads\/2023\/01\/AAA_Einzugsermaechtigung-01_2023-lv-1.pdf\" target=\"_blank\">EINZUGSERM\u00c4CHTIGUNG<\/a><\/h2>\t\t\t\t<\/div>\n\t\t\t\t<\/div>\n\t\t\t\t\t<\/div>\n\t\t<\/div>\n\t\t\t\t<div class=\"elementor-column elementor-col-25 elementor-top-column elementor-element elementor-element-620b61af\" data-id=\"620b61af\" data-element_type=\"column\" data-settings=\"{&quot;background_background&quot;:&quot;classic&quot;}\">\n\t\t\t<div class=\"elementor-widget-wrap elementor-element-populated\">\n\t\t\t\t\t\t<div class=\"elementor-element elementor-element-662c6565 elementor-widget elementor-widget-heading\" data-id=\"662c6565\" data-element_type=\"widget\" data-widget_type=\"heading.default\">\n\t\t\t\t<div class=\"elementor-widget-container\">\n\t\t\t\t\t<h2 class=\"elementor-heading-title elementor-size-default\"><a href=\"https:\/\/alpaca-austria.com\/wp-content\/uploads\/2022\/11\/AAA_Statuten_neu__2017.pdf\" target=\"_blank\">STATUTEN<\/a><\/h2>\t\t\t\t<\/div>\n\t\t\t\t<\/div>\n\t\t\t\t\t<\/div>\n\t\t<\/div>\n\t\t\t\t<div class=\"elementor-column elementor-col-25 elementor-top-column elementor-element elementor-element-639ee24\" data-id=\"639ee24\" data-element_type=\"column\" data-settings=\"{&quot;background_background&quot;:&quot;classic&quot;}\">\n\t\t\t<div class=\"elementor-widget-wrap elementor-element-populated\">\n\t\t\t\t\t\t<div class=\"elementor-element elementor-element-1d96147f elementor-widget elementor-widget-heading\" data-id=\"1d96147f\" data-element_type=\"widget\" data-widget_type=\"heading.default\">\n\t\t\t\t<div class=\"elementor-widget-container\">\n\t\t\t\t\t<h2 class=\"elementor-heading-title elementor-size-default\"><a href=\"https:\/\/alpaca-austria.com\/wp-content\/uploads\/2023\/01\/aaa_gebuehrenordnung_2023-LV.pdf\" target=\"_blank\">GEB\u00dcHRENORDNUNG<\/a><\/h2>\t\t\t\t<\/div>\n\t\t\t\t<\/div>\n\t\t\t\t\t<\/div>\n\t\t<\/div>\n\t\t\t\t\t<\/div>\n\t\t<\/section>\n\t\t\t\t<section class=\"elementor-section elementor-top-section elementor-element elementor-element-1de81cff elementor-section-boxed elementor-section-height-default elementor-section-height-default\" data-id=\"1de81cff\" data-element_type=\"section\">\n\t\t\t\t\t\t<div class=\"elementor-container elementor-column-gap-default\">\n\t\t\t\t\t<div class=\"elementor-column elementor-col-100 elementor-top-column elementor-element elementor-element-2ed3f344\" data-id=\"2ed3f344\" data-element_type=\"column\">\n\t\t\t<div class=\"elementor-widget-wrap elementor-element-populated\">\n\t\t\t\t\t\t<div class=\"elementor-element elementor-element-13c56524 elementor-widget elementor-widget-text-editor\" data-id=\"13c56524\" data-element_type=\"widget\" data-widget_type=\"text-editor.default\">\n\t\t\t\t<div class=\"elementor-widget-container\">\n\t\t\t\t\t\t\t\t\t<p>Alle Formulare und Informationen zum Ansehen, Ausf\u00fcllen und Ausdrucken.<\/p><p>Sie befinden sich nun im Downloadbereich der Homepage der AAA. Auf dieser Seite finden Sie alle Formulare wie Bestellschein, Registrierformular, etc. wie auch sonstige Informationen (z.B. \u00fcber den Gebrauch Nasentupfer f\u00fcr die DNA Analyse) aber auch die Statuten unseres Vereines.<\/p><p>Nach dem elektronischen Ausf\u00fcllen k\u00f6nnen Sie die Formulare ausdrucken (viele haben einen eigenen &#8222;Druck-Button&#8220; inkludiert). Nach dem Druck und der Unterfertigung haben Sie drei M\u00f6glichkeiten:<\/p><ol><li><strong>Scan als E-Mail senden:<\/strong> Wenn Sie einen Scanner besitzen, scannen sie das unterschriebene Formular ein und schicken Sie den Scan an die im Formular angegebene Kontaktperson der AAA oder an die Mail Adresse <a href=\"mailto:info@alpaca-austria.at\"><b>info@alpaca-austria.at<\/b><\/a> senden<\/li><li><strong>Ausdrucken und faxen:<\/strong> Am PC ausf\u00fcllen, ausdrucken, unterschreiben und ins Faxger\u00e4t stecken. Die Faxnummer ist ebenfalls am Formular angef\u00fchrt.<\/li><li><strong>Versand mit der Post:<\/strong> Der Klassiker &#8211; und schon fast wieder modern: unterfertigtes Formular in ein Kuvert stecken, adressieren an die im Formular angegebene Kontaktperson, Briefmarke drauf&#8216; picken und ab zur Post.<\/li><\/ol><p>\u00a0<\/p>\t\t\t\t\t\t\t\t<\/div>\n\t\t\t\t<\/div>\n\t\t\t\t\t<\/div>\n\t\t<\/div>\n\t\t\t\t\t<\/div>\n\t\t<\/section>\n\t\t\t\t<\/div>\n\t\t","protected":false},"excerpt":{"rendered":"<p>MITGLIEDSANTRAG &#038; STATUTEN FORMULARE &#038; INFOS ANTRAG MITGLIEDSCHAFT EINZUGSERM\u00c4CHTIGUNG STATUTEN GEB\u00dcHRENORDNUNG Alle Formulare und Informationen zum Ansehen, Ausf\u00fcllen und Ausdrucken. Sie befinden sich nun im Downloadbereich der Homepage der AAA. Auf dieser Seite finden Sie alle Formulare wie Bestellschein, Registrierformular, etc. wie auch sonstige Informationen (z.B. \u00fcber den Gebrauch Nasentupfer f\u00fcr die DNA Analyse) aber [&hellip;]<\/p>\n","protected":false},"author":1,"featured_media":0,"parent":43,"menu_order":0,"comment_status":"closed","ping_status":"closed","template":"elementor_header_footer","meta":{"footnotes":""},"class_list":["post-49","page","type-page","status-publish","hentry"],"_links":{"self":[{"href":"https:\/\/alpaca-austria.com\/index.php?rest_route=\/wp\/v2\/pages\/49","targetHints":{"allow":["GET"]}}],"collection":[{"href":"https:\/\/alpaca-austria.com\/index.php?rest_route=\/wp\/v2\/pages"}],"about":[{"href":"https:\/\/alpaca-austria.com\/index.php?rest_route=\/wp\/v2\/types\/page"}],"author":[{"embeddable":true,"href":"https:\/\/alpaca-austria.com\/index.php?rest_route=\/wp\/v2\/users\/1"}],"replies":[{"embeddable":true,"href":"https:\/\/alpaca-austria.com\/index.php?rest_route=%2Fwp%2Fv2%2Fcomments&post=49"}],"version-history":[{"count":28,"href":"https:\/\/alpaca-austria.com\/index.php?rest_route=\/wp\/v2\/pages\/49\/revisions"}],"predecessor-version":[{"id":517,"href":"https:\/\/alpaca-austria.com\/index.php?rest_route=\/wp\/v2\/pages\/49\/revisions\/517"}],"up":[{"embeddable":true,"href":"https:\/\/alpaca-austria.com\/index.php?rest_route=\/wp\/v2\/pages\/43"}],"wp:attachment":[{"href":"https:\/\/alpaca-austria.com\/index.php?rest_route=%2Fwp%2Fv2%2Fmedia&parent=49"}],"curies":[{"name":"wp","href":"https:\/\/api.w.org\/{rel}","templated":true}]}}