{"id":47,"date":"2022-11-28T08:00:57","date_gmt":"2022-11-28T08:00:57","guid":{"rendered":"http:\/\/ll998nap.at.edis.global\/?page_id=47"},"modified":"2023-08-10T12:10:54","modified_gmt":"2023-08-10T12:10:54","slug":"medizin-dna","status":"publish","type":"page","link":"https:\/\/alpaca-austria.com\/?page_id=47","title":{"rendered":"MEDIZIN \/ DNA"},"content":{"rendered":"\t\t<div data-elementor-type=\"wp-page\" data-elementor-id=\"47\" class=\"elementor elementor-47\" data-elementor-post-type=\"page\">\n\t\t\t\t\t\t<section class=\"elementor-section elementor-top-section elementor-element elementor-element-6437db1e elementor-section-height-min-height elementor-section-boxed elementor-section-height-default elementor-section-items-middle\" data-id=\"6437db1e\" data-element_type=\"section\" data-settings=\"{&quot;background_background&quot;:&quot;classic&quot;}\">\n\t\t\t\t\t\t<div class=\"elementor-container elementor-column-gap-default\">\n\t\t\t\t\t<div class=\"elementor-column elementor-col-100 elementor-top-column elementor-element elementor-element-77b13832\" data-id=\"77b13832\" data-element_type=\"column\">\n\t\t\t<div class=\"elementor-widget-wrap\">\n\t\t\t\t\t\t\t<\/div>\n\t\t<\/div>\n\t\t\t\t\t<\/div>\n\t\t<\/section>\n\t\t\t\t<section class=\"elementor-section elementor-top-section elementor-element elementor-element-2526309d elementor-section-boxed elementor-section-height-default elementor-section-height-default\" data-id=\"2526309d\" data-element_type=\"section\">\n\t\t\t\t\t\t<div class=\"elementor-container elementor-column-gap-default\">\n\t\t\t\t\t<div class=\"elementor-column elementor-col-100 elementor-top-column elementor-element elementor-element-1fd3e2cb\" data-id=\"1fd3e2cb\" data-element_type=\"column\">\n\t\t\t<div class=\"elementor-widget-wrap elementor-element-populated\">\n\t\t\t\t\t\t<div class=\"elementor-element elementor-element-3c31c716 elementor-widget elementor-widget-image\" data-id=\"3c31c716\" data-element_type=\"widget\" data-widget_type=\"image.default\">\n\t\t\t\t<div class=\"elementor-widget-container\">\n\t\t\t\t\t\t\t\t\t\t\t\t\t\t\t<img fetchpriority=\"high\" decoding=\"async\" width=\"536\" height=\"140\" src=\"https:\/\/alpaca-austria.com\/wp-content\/uploads\/2022\/11\/bildmarke_aaa-1-1.png\" class=\"attachment-large size-large wp-image-111\" alt=\"\" srcset=\"https:\/\/alpaca-austria.com\/wp-content\/uploads\/2022\/11\/bildmarke_aaa-1-1.png 536w, https:\/\/alpaca-austria.com\/wp-content\/uploads\/2022\/11\/bildmarke_aaa-1-1-300x78.png 300w\" sizes=\"(max-width: 536px) 100vw, 536px\" \/>\t\t\t\t\t\t\t\t\t\t\t\t\t\t\t<\/div>\n\t\t\t\t<\/div>\n\t\t\t\t<div class=\"elementor-element elementor-element-33f29a3b elementor-widget elementor-widget-heading\" data-id=\"33f29a3b\" data-element_type=\"widget\" data-widget_type=\"heading.default\">\n\t\t\t\t<div class=\"elementor-widget-container\">\n\t\t\t\t\t<h2 class=\"elementor-heading-title elementor-size-default\">MEDIZIN \/ DNA<\/h2>\t\t\t\t<\/div>\n\t\t\t\t<\/div>\n\t\t\t\t<div class=\"elementor-element elementor-element-143009ee elementor-widget elementor-widget-text-editor\" data-id=\"143009ee\" data-element_type=\"widget\" data-widget_type=\"text-editor.default\">\n\t\t\t\t<div class=\"elementor-widget-container\">\n\t\t\t\t\t\t\t\t\t<p>FOLGENDE TIER\u00c4RZTE HABEN ERFAHRUNGEN MIT KAMELIDEN:<\/p>\t\t\t\t\t\t\t\t<\/div>\n\t\t\t\t<\/div>\n\t\t\t\t\t<\/div>\n\t\t<\/div>\n\t\t\t\t\t<\/div>\n\t\t<\/section>\n\t\t\t\t<section class=\"elementor-section elementor-top-section elementor-element elementor-element-56416489 elementor-section-boxed elementor-section-height-default elementor-section-height-default\" data-id=\"56416489\" data-element_type=\"section\">\n\t\t\t\t\t\t<div class=\"elementor-container elementor-column-gap-default\">\n\t\t\t\t\t<div class=\"elementor-column elementor-col-50 elementor-top-column elementor-element elementor-element-1d615a5c\" data-id=\"1d615a5c\" data-element_type=\"column\" data-settings=\"{&quot;background_background&quot;:&quot;classic&quot;}\">\n\t\t\t<div class=\"elementor-widget-wrap elementor-element-populated\">\n\t\t\t\t\t\t<div class=\"elementor-element elementor-element-67e8c108 elementor-widget elementor-widget-heading\" data-id=\"67e8c108\" data-element_type=\"widget\" data-widget_type=\"heading.default\">\n\t\t\t\t<div class=\"elementor-widget-container\">\n\t\t\t\t\t<h2 class=\"elementor-heading-title elementor-size-default\">VETUNI WIEN<\/h2>\t\t\t\t<\/div>\n\t\t\t\t<\/div>\n\t\t\t\t<div class=\"elementor-element elementor-element-3f72f5bf elementor-widget elementor-widget-text-editor\" data-id=\"3f72f5bf\" data-element_type=\"widget\" data-widget_type=\"text-editor.default\">\n\t\t\t\t<div class=\"elementor-widget-container\">\n\t\t\t\t\t\t\t\t\t<p>Ao.Univ.-Prof. Dr.med.vet. Sonja Franz <br \/>Klinische Abteilung f\u00fcr Wiederk\u00e4uermedizin<br \/>E-Mail: <a href=\"mailto:sonja.franz@vetmeduni.ac.at\">sonja.franz@vetmeduni.ac.at<\/a><br \/>Telefon: <a href=\"http:\/\/+43 1 250775205\" data-wplink-url-error=\"true\">+43 1 250775205<\/a><\/p>\t\t\t\t\t\t\t\t<\/div>\n\t\t\t\t<\/div>\n\t\t\t\t\t<\/div>\n\t\t<\/div>\n\t\t\t\t<div class=\"elementor-column elementor-col-50 elementor-top-column elementor-element elementor-element-5fb08ef2\" data-id=\"5fb08ef2\" data-element_type=\"column\" data-settings=\"{&quot;background_background&quot;:&quot;classic&quot;}\">\n\t\t\t<div class=\"elementor-widget-wrap elementor-element-populated\">\n\t\t\t\t\t\t<div class=\"elementor-element elementor-element-6e0155b4 elementor-widget elementor-widget-heading\" data-id=\"6e0155b4\" data-element_type=\"widget\" data-widget_type=\"heading.default\">\n\t\t\t\t<div class=\"elementor-widget-container\">\n\t\t\t\t\t<h2 class=\"elementor-heading-title elementor-size-default\">VETUNI WIEN<\/h2>\t\t\t\t<\/div>\n\t\t\t\t<\/div>\n\t\t\t\t<div class=\"elementor-element elementor-element-4c4a5f5e elementor-widget elementor-widget-text-editor\" data-id=\"4c4a5f5e\" data-element_type=\"widget\" data-widget_type=\"text-editor.default\">\n\t\t\t\t<div class=\"elementor-widget-container\">\n\t\t\t\t\t\t\t\t\t<p>Univ.Prof.Dr.Thomas Wittek <br \/>Leitung Klinik f\u00fcr Wiederk\u00e4uer &#8211; Leitung Klinische Abteilung f\u00fcr Wiederk\u00e4uermedizin <br \/>E-Mail: <a href=\"mailto:thomas.wittek@vetmeduni.ac.at\">thomas.wittek@vetmeduni.ac.at<\/a><br \/>Telefon: <a href=\"http:\/\/+43 1 250775200\" data-wplink-url-error=\"true\">+43 1 250775200<\/a><\/p>\t\t\t\t\t\t\t\t<\/div>\n\t\t\t\t<\/div>\n\t\t\t\t\t<\/div>\n\t\t<\/div>\n\t\t\t\t\t<\/div>\n\t\t<\/section>\n\t\t\t\t<section class=\"elementor-section elementor-top-section elementor-element elementor-element-30e6ea3 elementor-section-boxed elementor-section-height-default elementor-section-height-default\" data-id=\"30e6ea3\" data-element_type=\"section\">\n\t\t\t\t\t\t<div class=\"elementor-container elementor-column-gap-default\">\n\t\t\t\t\t<div class=\"elementor-column elementor-col-50 elementor-top-column elementor-element elementor-element-7cdb3dd5\" data-id=\"7cdb3dd5\" data-element_type=\"column\">\n\t\t\t<div class=\"elementor-widget-wrap elementor-element-populated\">\n\t\t\t\t\t\t<div class=\"elementor-element elementor-element-6cd149d2 elementor-align-left elementor-widget elementor-widget-button\" data-id=\"6cd149d2\" data-element_type=\"widget\" data-widget_type=\"button.default\">\n\t\t\t\t<div class=\"elementor-widget-container\">\n\t\t\t\t\t\t\t\t\t<div class=\"elementor-button-wrapper\">\n\t\t\t\t\t<a class=\"elementor-button elementor-button-link elementor-size-sm\" href=\"https:\/\/www.vetmeduni.ac.at\/\" target=\"_blank\">\n\t\t\t\t\t\t<span class=\"elementor-button-content-wrapper\">\n\t\t\t\t\t\t\t\t\t<span class=\"elementor-button-text\">ZUR VETUNI<\/span>\n\t\t\t\t\t<\/span>\n\t\t\t\t\t<\/a>\n\t\t\t\t<\/div>\n\t\t\t\t\t\t\t\t<\/div>\n\t\t\t\t<\/div>\n\t\t\t\t<div class=\"elementor-element elementor-element-36052832 elementor-widget elementor-widget-text-editor\" data-id=\"36052832\" data-element_type=\"widget\" data-widget_type=\"text-editor.default\">\n\t\t\t\t<div class=\"elementor-widget-container\">\n\t\t\t\t\t\t\t\t\t<p>Wenn auch du deinen Tierarzt weiterempfehlen kannst, sende bitte seine Kontaktdaten an <a href=\"mailto:wolfgang.putzinger@alpaca-association-austria.com\">wolfgang.putzinger@alpaca-association-austria.com<\/a><\/p>\t\t\t\t\t\t\t\t<\/div>\n\t\t\t\t<\/div>\n\t\t\t\t\t<\/div>\n\t\t<\/div>\n\t\t\t\t<div class=\"elementor-column elementor-col-50 elementor-top-column elementor-element elementor-element-6707142b\" data-id=\"6707142b\" data-element_type=\"column\">\n\t\t\t<div class=\"elementor-widget-wrap\">\n\t\t\t\t\t\t\t<\/div>\n\t\t<\/div>\n\t\t\t\t\t<\/div>\n\t\t<\/section>\n\t\t\t\t<section class=\"elementor-section elementor-top-section elementor-element elementor-element-713f4d9e elementor-section-boxed elementor-section-height-default elementor-section-height-default\" data-id=\"713f4d9e\" data-element_type=\"section\">\n\t\t\t\t\t\t<div class=\"elementor-container elementor-column-gap-default\">\n\t\t\t\t\t<div class=\"elementor-column elementor-col-100 elementor-top-column elementor-element elementor-element-3344073c\" data-id=\"3344073c\" data-element_type=\"column\">\n\t\t\t<div class=\"elementor-widget-wrap elementor-element-populated\">\n\t\t\t\t\t\t<div class=\"elementor-element elementor-element-7131793f elementor-widget elementor-widget-text-editor\" data-id=\"7131793f\" data-element_type=\"widget\" data-widget_type=\"text-editor.default\">\n\t\t\t\t<div class=\"elementor-widget-container\">\n\t\t\t\t\t\t\t\t\t<p>DIAGNOSTIK &amp; DNA-TESTS<\/p>\t\t\t\t\t\t\t\t<\/div>\n\t\t\t\t<\/div>\n\t\t\t\t\t<\/div>\n\t\t<\/div>\n\t\t\t\t\t<\/div>\n\t\t<\/section>\n\t\t\t\t<section class=\"elementor-section elementor-top-section elementor-element elementor-element-69a5428c elementor-section-boxed elementor-section-height-default elementor-section-height-default\" data-id=\"69a5428c\" data-element_type=\"section\">\n\t\t\t\t\t\t<div class=\"elementor-container elementor-column-gap-default\">\n\t\t\t\t\t<div class=\"elementor-column elementor-col-50 elementor-top-column elementor-element elementor-element-48ce3ce4\" data-id=\"48ce3ce4\" data-element_type=\"column\" data-settings=\"{&quot;background_background&quot;:&quot;classic&quot;}\">\n\t\t\t<div class=\"elementor-widget-wrap elementor-element-populated\">\n\t\t\t\t\t\t<div class=\"elementor-element elementor-element-65527d9d elementor-widget elementor-widget-heading\" data-id=\"65527d9d\" data-element_type=\"widget\" data-widget_type=\"heading.default\">\n\t\t\t\t<div class=\"elementor-widget-container\">\n\t\t\t\t\t<h2 class=\"elementor-heading-title elementor-size-default\">XENOGENETIK \nBIOTECHNOLOGIE GES.MBH<\/h2>\t\t\t\t<\/div>\n\t\t\t\t<\/div>\n\t\t\t\t<div class=\"elementor-element elementor-element-60dec561 elementor-widget elementor-widget-text-editor\" data-id=\"60dec561\" data-element_type=\"widget\" data-widget_type=\"text-editor.default\">\n\t\t\t\t<div class=\"elementor-widget-container\">\n\t\t\t\t\t\t\t\t\t<p>Wr. Neust\u00e4dterstrasse 47<br \/>2540 Bad V\u00f6slau<br \/>E-Mail: <a href=\"mailto:service@xenogenetik.at\">service@xenogenetik.at<\/a><br \/>Telefon: <a href=\"http:\/\/+43 676 9289323\" data-wplink-url-error=\"true\">+43 676 9289323<\/a><\/p>\t\t\t\t\t\t\t\t<\/div>\n\t\t\t\t<\/div>\n\t\t\t\t\t<\/div>\n\t\t<\/div>\n\t\t\t\t<div class=\"elementor-column elementor-col-50 elementor-top-column elementor-element elementor-element-2da0c52e\" data-id=\"2da0c52e\" data-element_type=\"column\">\n\t\t\t<div class=\"elementor-widget-wrap\">\n\t\t\t\t\t\t\t<\/div>\n\t\t<\/div>\n\t\t\t\t\t<\/div>\n\t\t<\/section>\n\t\t\t\t<section class=\"elementor-section elementor-top-section elementor-element elementor-element-24a41c2d elementor-section-boxed elementor-section-height-default elementor-section-height-default\" data-id=\"24a41c2d\" data-element_type=\"section\">\n\t\t\t\t\t\t<div class=\"elementor-container elementor-column-gap-default\">\n\t\t\t\t\t<div class=\"elementor-column elementor-col-50 elementor-top-column elementor-element elementor-element-3d6499e7\" data-id=\"3d6499e7\" data-element_type=\"column\">\n\t\t\t<div class=\"elementor-widget-wrap elementor-element-populated\">\n\t\t\t\t\t\t<div class=\"elementor-element elementor-element-90aa9d4 elementor-align-left elementor-widget elementor-widget-button\" data-id=\"90aa9d4\" data-element_type=\"widget\" data-widget_type=\"button.default\">\n\t\t\t\t<div class=\"elementor-widget-container\">\n\t\t\t\t\t\t\t\t\t<div class=\"elementor-button-wrapper\">\n\t\t\t\t\t<a class=\"elementor-button elementor-button-link elementor-size-sm\" href=\"http:\/\/www.xenogenetik.at\/\" target=\"_blank\">\n\t\t\t\t\t\t<span class=\"elementor-button-content-wrapper\">\n\t\t\t\t\t\t\t\t\t<span class=\"elementor-button-text\">ZU XENOGENETIK<\/span>\n\t\t\t\t\t<\/span>\n\t\t\t\t\t<\/a>\n\t\t\t\t<\/div>\n\t\t\t\t\t\t\t\t<\/div>\n\t\t\t\t<\/div>\n\t\t\t\t<div class=\"elementor-element elementor-element-54182eeb elementor-widget elementor-widget-heading\" data-id=\"54182eeb\" data-element_type=\"widget\" data-widget_type=\"heading.default\">\n\t\t\t\t<div class=\"elementor-widget-container\">\n\t\t\t\t\t<h2 class=\"elementor-heading-title elementor-size-default\">FORMULARE &amp; INFOS<\/h2>\t\t\t\t<\/div>\n\t\t\t\t<\/div>\n\t\t\t\t\t<\/div>\n\t\t<\/div>\n\t\t\t\t<div class=\"elementor-column elementor-col-50 elementor-top-column elementor-element elementor-element-63d963ea\" data-id=\"63d963ea\" data-element_type=\"column\">\n\t\t\t<div class=\"elementor-widget-wrap\">\n\t\t\t\t\t\t\t<\/div>\n\t\t<\/div>\n\t\t\t\t\t<\/div>\n\t\t<\/section>\n\t\t\t\t<section class=\"elementor-section elementor-top-section elementor-element elementor-element-491b3984 elementor-section-boxed elementor-section-height-default elementor-section-height-default\" data-id=\"491b3984\" data-element_type=\"section\">\n\t\t\t\t\t\t<div class=\"elementor-container elementor-column-gap-default\">\n\t\t\t\t\t<div class=\"elementor-column elementor-col-25 elementor-top-column elementor-element elementor-element-365a14dd\" data-id=\"365a14dd\" data-element_type=\"column\" data-settings=\"{&quot;background_background&quot;:&quot;classic&quot;}\">\n\t\t\t<div class=\"elementor-widget-wrap elementor-element-populated\">\n\t\t\t\t\t\t<div class=\"elementor-element elementor-element-2ce51e82 elementor-widget elementor-widget-heading\" data-id=\"2ce51e82\" data-element_type=\"widget\" data-widget_type=\"heading.default\">\n\t\t\t\t<div class=\"elementor-widget-container\">\n\t\t\t\t\t<h2 class=\"elementor-heading-title elementor-size-default\"><a href=\"https:\/\/alpaca-austria.com\/wp-content\/uploads\/2023\/08\/DNA-Ablauf.docx\" target=\"_blank\">ABLAUF DER DNA UNTERSUCHUNG<\/a><\/h2>\t\t\t\t<\/div>\n\t\t\t\t<\/div>\n\t\t\t\t\t<\/div>\n\t\t<\/div>\n\t\t\t\t<div class=\"elementor-column elementor-col-25 elementor-top-column elementor-element elementor-element-2c51f177\" data-id=\"2c51f177\" data-element_type=\"column\" data-settings=\"{&quot;background_background&quot;:&quot;classic&quot;}\">\n\t\t\t<div class=\"elementor-widget-wrap elementor-element-populated\">\n\t\t\t\t\t\t<div class=\"elementor-element elementor-element-55b0f7ec elementor-widget elementor-widget-heading\" data-id=\"55b0f7ec\" data-element_type=\"widget\" data-widget_type=\"heading.default\">\n\t\t\t\t<div class=\"elementor-widget-container\">\n\t\t\t\t\t<h2 class=\"elementor-heading-title elementor-size-default\"><a href=\"https:\/\/alpaca-austria.com\/wp-content\/uploads\/2022\/11\/TB_alpakas_BAS_info_deutsch.pdf\" target=\"_blank\">ARTIKEL \u00dcBER TUBERKULOSE<\/a><\/h2>\t\t\t\t<\/div>\n\t\t\t\t<\/div>\n\t\t\t\t\t<\/div>\n\t\t<\/div>\n\t\t\t\t<div class=\"elementor-column elementor-col-25 elementor-top-column elementor-element elementor-element-2f0a6c65\" data-id=\"2f0a6c65\" data-element_type=\"column\">\n\t\t\t<div class=\"elementor-widget-wrap\">\n\t\t\t\t\t\t\t<\/div>\n\t\t<\/div>\n\t\t\t\t<div class=\"elementor-column elementor-col-25 elementor-top-column elementor-element elementor-element-51690546\" data-id=\"51690546\" data-element_type=\"column\">\n\t\t\t<div class=\"elementor-widget-wrap\">\n\t\t\t\t\t\t\t<\/div>\n\t\t<\/div>\n\t\t\t\t\t<\/div>\n\t\t<\/section>\n\t\t\t\t<\/div>\n\t\t","protected":false},"excerpt":{"rendered":"<p>MEDIZIN \/ DNA FOLGENDE TIER\u00c4RZTE HABEN ERFAHRUNGEN MIT KAMELIDEN: VETUNI WIEN Ao.Univ.-Prof. Dr.med.vet. Sonja Franz Klinische Abteilung f\u00fcr Wiederk\u00e4uermedizinE-Mail: sonja.franz@vetmeduni.ac.atTelefon: +43 1 250775205 VETUNI WIEN Univ.Prof.Dr.Thomas Wittek Leitung Klinik f\u00fcr Wiederk\u00e4uer &#8211; Leitung Klinische Abteilung f\u00fcr Wiederk\u00e4uermedizin E-Mail: thomas.wittek@vetmeduni.ac.atTelefon: +43 1 250775200 ZUR VETUNI Wenn auch du deinen Tierarzt weiterempfehlen kannst, sende bitte seine Kontaktdaten [&hellip;]<\/p>\n","protected":false},"author":1,"featured_media":0,"parent":43,"menu_order":0,"comment_status":"closed","ping_status":"closed","template":"elementor_header_footer","meta":{"footnotes":""},"class_list":["post-47","page","type-page","status-publish","hentry"],"_links":{"self":[{"href":"https:\/\/alpaca-austria.com\/index.php?rest_route=\/wp\/v2\/pages\/47","targetHints":{"allow":["GET"]}}],"collection":[{"href":"https:\/\/alpaca-austria.com\/index.php?rest_route=\/wp\/v2\/pages"}],"about":[{"href":"https:\/\/alpaca-austria.com\/index.php?rest_route=\/wp\/v2\/types\/page"}],"author":[{"embeddable":true,"href":"https:\/\/alpaca-austria.com\/index.php?rest_route=\/wp\/v2\/users\/1"}],"replies":[{"embeddable":true,"href":"https:\/\/alpaca-austria.com\/index.php?rest_route=%2Fwp%2Fv2%2Fcomments&post=47"}],"version-history":[{"count":16,"href":"https:\/\/alpaca-austria.com\/index.php?rest_route=\/wp\/v2\/pages\/47\/revisions"}],"predecessor-version":[{"id":689,"href":"https:\/\/alpaca-austria.com\/index.php?rest_route=\/wp\/v2\/pages\/47\/revisions\/689"}],"up":[{"embeddable":true,"href":"https:\/\/alpaca-austria.com\/index.php?rest_route=\/wp\/v2\/pages\/43"}],"wp:attachment":[{"href":"https:\/\/alpaca-austria.com\/index.php?rest_route=%2Fwp%2Fv2%2Fmedia&parent=47"}],"curies":[{"name":"wp","href":"https:\/\/api.w.org\/{rel}","templated":true}]}}