{"id":41,"date":"2022-11-28T07:59:55","date_gmt":"2022-11-28T07:59:55","guid":{"rendered":"http:\/\/ll998nap.at.edis.global\/?page_id=41"},"modified":"2023-01-20T08:30:18","modified_gmt":"2023-01-20T08:30:18","slug":"projekte","status":"publish","type":"page","link":"https:\/\/alpaca-austria.com\/?page_id=41","title":{"rendered":"PROJEKTE"},"content":{"rendered":"\t\t<div data-elementor-type=\"wp-page\" data-elementor-id=\"41\" class=\"elementor elementor-41\" data-elementor-post-type=\"page\">\n\t\t\t\t\t\t<section class=\"elementor-section elementor-top-section elementor-element elementor-element-2750b950 elementor-section-height-min-height elementor-section-boxed elementor-section-height-default elementor-section-items-middle\" data-id=\"2750b950\" data-element_type=\"section\" data-settings=\"{&quot;background_background&quot;:&quot;classic&quot;}\">\n\t\t\t\t\t\t<div class=\"elementor-container elementor-column-gap-default\">\n\t\t\t\t\t<div class=\"elementor-column elementor-col-100 elementor-top-column elementor-element elementor-element-5c1bba8a\" data-id=\"5c1bba8a\" data-element_type=\"column\">\n\t\t\t<div class=\"elementor-widget-wrap\">\n\t\t\t\t\t\t\t<\/div>\n\t\t<\/div>\n\t\t\t\t\t<\/div>\n\t\t<\/section>\n\t\t\t\t<section class=\"elementor-section elementor-top-section elementor-element elementor-element-69b433d elementor-section-boxed elementor-section-height-default elementor-section-height-default\" data-id=\"69b433d\" data-element_type=\"section\">\n\t\t\t\t\t\t<div class=\"elementor-container elementor-column-gap-default\">\n\t\t\t\t\t<div class=\"elementor-column elementor-col-100 elementor-top-column elementor-element elementor-element-1d22bb5b\" data-id=\"1d22bb5b\" data-element_type=\"column\">\n\t\t\t<div class=\"elementor-widget-wrap elementor-element-populated\">\n\t\t\t\t\t\t<div class=\"elementor-element elementor-element-1eb14999 elementor-widget elementor-widget-image\" data-id=\"1eb14999\" data-element_type=\"widget\" data-widget_type=\"image.default\">\n\t\t\t\t<div class=\"elementor-widget-container\">\n\t\t\t\t\t\t\t\t\t\t\t\t\t\t\t<img fetchpriority=\"high\" decoding=\"async\" width=\"536\" height=\"140\" src=\"https:\/\/alpaca-austria.com\/wp-content\/uploads\/2022\/11\/bildmarke_aaa-1-1.png\" class=\"attachment-large size-large wp-image-111\" alt=\"\" srcset=\"https:\/\/alpaca-austria.com\/wp-content\/uploads\/2022\/11\/bildmarke_aaa-1-1.png 536w, https:\/\/alpaca-austria.com\/wp-content\/uploads\/2022\/11\/bildmarke_aaa-1-1-300x78.png 300w\" sizes=\"(max-width: 536px) 100vw, 536px\" \/>\t\t\t\t\t\t\t\t\t\t\t\t\t\t\t<\/div>\n\t\t\t\t<\/div>\n\t\t\t\t<div class=\"elementor-element elementor-element-e3134bb elementor-widget elementor-widget-heading\" data-id=\"e3134bb\" data-element_type=\"widget\" data-widget_type=\"heading.default\">\n\t\t\t\t<div class=\"elementor-widget-container\">\n\t\t\t\t\t<h2 class=\"elementor-heading-title elementor-size-default\">UNSERE PROJEKTE<\/h2>\t\t\t\t<\/div>\n\t\t\t\t<\/div>\n\t\t\t\t<div class=\"elementor-element elementor-element-5e74722 elementor-widget elementor-widget-text-editor\" data-id=\"5e74722\" data-element_type=\"widget\" data-widget_type=\"text-editor.default\">\n\t\t\t\t<div class=\"elementor-widget-container\">\n\t\t\t\t\t\t\t\t\t<p>DIESE SEITE SOLL EUCH INFORMATIONEN \u00dcBER UNSERE PROJEKTE MIT GR\u00dcNE ERDE GEBEN, EINIGE LINKS UND VIDEOS ENTHALTEN<\/p>\t\t\t\t\t\t\t\t<\/div>\n\t\t\t\t<\/div>\n\t\t\t\t<div class=\"elementor-element elementor-element-7006e36b elementor-widget elementor-widget-text-editor\" data-id=\"7006e36b\" data-element_type=\"widget\" data-widget_type=\"text-editor.default\">\n\t\t\t\t<div class=\"elementor-widget-container\">\n\t\t\t\t\t\t\t\t\t<p><strong>FASERPROJEKT GR\u00dcNE ERDE &#8211; ALPACA ASSOCIATION AUSTRIA<\/strong><\/p><p>Vor nunmehr 7 Jahren haben die AAA und Gr\u00fcne Erde einen Vertrag \u00fcber die Lieferung der Faser europ\u00e4ischer Alpakaz\u00fcchter f\u00fcr die Herstellung von hochwertigen Bettdecken und Kopfp\u00f6lstern geschlossen. Wir haben im ersten Jahr mit rund 400 kg abgerechneter Faser einen guten Start hingelegt, mittlerweile haben wir 3,5 Tonnen gesammelt, Tendenz weiter steigend. Wir sind sehr stolz auf dieses einzigartige Projekt, gemeinsam mit Gr\u00fcne Erde haben wir viel Entwicklungsarbeit geleistet, um dieses Projekt so erfolgreich zu machen.<\/p><p>Zus\u00e4tzlich zu den Standardbettdecken wird ein Teil der Faser pro Betrieb zu Bettdecken verarbeitet, das hei\u00dft der K\u00e4ufer der Bettdecke wei\u00df, wo das Tier, das die Faser f\u00fcr die Decke geliefert hat, lebt. Dieses Projekt ist sehr gut angekommen und wird 2023 noch ausgebaut. In der Tasche jeden Bettes wird eine Info \u00fcber den jeweiligen Z\u00fcchter, von dem die Wolle stammt, mitgeliefert. Die Z\u00fcchter die an diesem Projekt teilnehmen werden von uns dazu direkt eingeladen. Neue Projekte f\u00fcr die Verwendung von feiner Wolle z.B. f\u00fcr Sofadecken, sollen erstmals 2023 starten. Wir werden dazu die Kollegen\/Kolleginnen die bisher schone tolle Qualit\u00e4t geliefert haben einladen, n\u00e4here Informationen folgen.<\/p><p>Zum Ablauf:<br \/>Die Faser wird &#8211; vom Z\u00fcchter vorgereinigt &#8211; in unserem Zentrum in Gaspoltshofen (\u00d6sterreich) angeliefert und entweder gewogen oder sofort mit dem Faserlieferanten\/in durchgesehen und gewogen. Wenn die Faser per Post oder Spedition ankommt, wird nach Verwiegung an den Wochenenden von unserem Team die Faser auf Sortiergittern kontrolliert und sortiert. Alle Mitglieder des Teams haben die Z\u00fcchterausbildung bei Amanda VandenBosch absolviert.<\/p><p>Die Faser wird auf Micron, L\u00e4nge und Farbe gepr\u00fcft und anschlie\u00dfend im Tumbler vom Staub befreit. Zu grobe oder mit Stroh, Kotb\u00f6mmeln, Zehenn\u00e4geln usw. verschmutzte Faser wird aussortiert und geht kostenpflichtig an den Lieferanten\/in zur\u00fcck. Die Faser wird von uns nicht gereinigt!<\/p><p>Basis f\u00fcr die Verrechnung ist das Gewicht nach Sortierung und nach dem Tumbler. Die Auszahlung erfolgt anteilig im Sommer mit einer Aconto Zahlung von bis zu 70 %. Die Restzahlung wird im ersten Drittel\u00a0\u00a0<span style=\"color: var( --e-global-color-1cb87e4 ); font-family: var( --e-global-typography-text-font-family ), Sans-serif; font-weight: var( --e-global-typography-text-font-weight ); font-size: 1rem;\">des folgenden\u00a0 Jahres nach Verarbeitung, und je nach Abruf der Faser und Geldeingang durch Gr\u00fcne Erde auf unser Konto an die Lieferanten\/innen ausbezahlt.<\/span><\/p><p>Nach dem Tumbler wird die Faser in einer dem Verein geh\u00f6renden Waschanlage von uns gereinigt und anschlie\u00dfend getrocknet. Als n\u00e4chster Arbeitsschritt\u00a0 werden ev. Verknotungen in einem ebenfalls dem Verein geh\u00f6renden Fein\u00f6ffner (Picker) gel\u00f6st und die Faser in 200 kg Big Bags zur Bettdeckenfertigung transportiert. Auf Basis der abgerufenen Kg erfolgt die Verrechnung mit Gr\u00fcne Erde. Wir k\u00f6nnen nun durch die Anschaffung dieser Maschinen den gesamten Ablauf bis zur Produktion selbst kontrollieren und haben damit Schwachstellen in der Lieferkette wie z.B. eine externe W\u00e4scherei ausgeschaltet.<\/p><p><strong>Gr\u00fcne Erde Lieferbedingungen<\/strong><\/p><p>angenommen wird Faser, die folgenden Parametern entspricht:<\/p><ul><li>max. 100 kg pro Betrieb, gr\u00f6\u00dfere Lieferungen sind m\u00f6glich, jedoch mit uns abzustimmen.<\/li><li>Feinheit: 18 &#8211; 27 \u00b5m<\/li><li>wei\u00df bis dark fawn, light + medium brown, light + medium silver grey und light + medium rose grey<\/li><li>Faserl\u00e4nge: Minimum 5 cm bis maximal 15 cm<\/li><li>abgepackt pro Farbe, nicht pro Tier<\/li><li>nur von der Schur 2023 und 2022 f\u00fcr die Lieferung im Jahr 2023<\/li><li>gereinigte Faser: Heu, Stroh, Kot und Second Cuts m\u00fcssen entfernt sein.<\/li><li>Es darf nur Faser von eigenen Tieren angeliefert werden (oder mit uns abgestimmt)<\/li><li>Die Tiere m\u00fcssen mindestens einmal geschoren worden sein,<\/li><li>das hei\u00dft ohne Babytips!!!!<\/li><li>Faserlieferungen m\u00fcssen vorab angemeldet sein, wir k\u00f6nnen sonst auf verlorengegangene Pakete nicht reagieren<\/li><\/ul><p>Details zu den Lieferbedingungen und die aktuellen Preise k\u00f6nnt Ihr unter faserge@alpaca-austria.at anfordern<\/p>\t\t\t\t\t\t\t\t<\/div>\n\t\t\t\t<\/div>\n\t\t\t\t\t<\/div>\n\t\t<\/div>\n\t\t\t\t\t<\/div>\n\t\t<\/section>\n\t\t\t\t<section class=\"elementor-section elementor-top-section elementor-element elementor-element-3857656d elementor-section-boxed elementor-section-height-default elementor-section-height-default\" data-id=\"3857656d\" data-element_type=\"section\">\n\t\t\t\t\t\t<div class=\"elementor-container elementor-column-gap-default\">\n\t\t\t\t\t<div class=\"elementor-column elementor-col-100 elementor-top-column elementor-element elementor-element-369c1dd6\" data-id=\"369c1dd6\" data-element_type=\"column\">\n\t\t\t<div class=\"elementor-widget-wrap elementor-element-populated\">\n\t\t\t\t\t\t<div class=\"elementor-element elementor-element-0d94de8 elementor-widget elementor-widget-video\" data-id=\"0d94de8\" data-element_type=\"widget\" data-widget_type=\"video.default\">\n\t\t\t\t<div class=\"elementor-widget-container\">\n\t\t\t\t\t\t\t<div class=\"elementor-wrapper elementor-open-inline\">\n\t\t\t<div class=\"elementor-video\"><div class=\"BorlabsCookie _brlbs-cb-youtube\"><div class=\"_brlbs-content-blocker\"> <div class=\"_brlbs-embed _brlbs-video-youtube\"> <img decoding=\"async\" class=\"_brlbs-thumbnail\" src=\"https:\/\/alpaca-austria.com\/wp-content\/plugins\/borlabs-cookie\/assets\/images\/cb-no-thumbnail.png\" alt=\"YouTube\"> <div class=\"_brlbs-caption\"> <p>Mit dem Laden des Videos akzeptieren Sie die Datenschutzerkl\u00e4rung von YouTube.<br><a href=\"https:\/\/policies.google.com\/privacy\" target=\"_blank\" rel=\"nofollow noopener noreferrer\">Mehr erfahren<\/a><\/p> <p><a class=\"_brlbs-btn _brlbs-icon-play-white\" href=\"#\" data-borlabs-cookie-unblock role=\"button\">Video laden<\/a><\/p> <p><label><input type=\"checkbox\" name=\"unblockAll\" value=\"1\" checked> <small>YouTube immer entsperren<\/small><\/label><\/p> <\/div> <\/div> <\/div><div class=\"borlabs-hide\" data-borlabs-cookie-type=\"content-blocker\" data-borlabs-cookie-id=\"youtube\"><script type=\"text\/template\">PGlmcmFtZSB0aXRsZT0iQWJsYXVmIEFscGFrYXdvbGxlIHNvcnRpZXJlbiIgd2lkdGg9IjgwMCIgaGVpZ2h0PSI0NTAiIHNyYz0iaHR0cHM6Ly93d3cueW91dHViZS1ub2Nvb2tpZS5jb20vZW1iZWQvRFh0MXhmajRRRVk\/ZmVhdHVyZT1vZW1iZWQmcmVsPTAmZW5hYmxlanNhcGk9MSZvcmlnaW49aHR0cHMlMjUzQSUyNTJGJTI1MkZhbHBhY2EtYXVzdHJpYS5jb20mY29udHJvbHM9MSIgZnJhbWVib3JkZXI9IjAiIGFsbG93PSJhY2NlbGVyb21ldGVyOyBhdXRvcGxheTsgY2xpcGJvYXJkLXdyaXRlOyBlbmNyeXB0ZWQtbWVkaWE7IGd5cm9zY29wZTsgcGljdHVyZS1pbi1waWN0dXJlOyB3ZWItc2hhcmUiIHJlZmVycmVycG9saWN5PSJzdHJpY3Qtb3JpZ2luLXdoZW4tY3Jvc3Mtb3JpZ2luIiBhbGxvd2Z1bGxzY3JlZW4+PC9pZnJhbWU+<\/script><\/div><\/div><\/div>\t\t<\/div>\n\t\t\t\t\t\t<\/div>\n\t\t\t\t<\/div>\n\t\t\t\t<div class=\"elementor-element elementor-element-3fd57685 elementor-widget elementor-widget-gallery\" data-id=\"3fd57685\" data-element_type=\"widget\" data-settings=\"{&quot;gallery_layout&quot;:&quot;justified&quot;,&quot;gap&quot;:{&quot;unit&quot;:&quot;px&quot;,&quot;size&quot;:25,&quot;sizes&quot;:[]},&quot;lazyload&quot;:&quot;yes&quot;,&quot;ideal_row_height&quot;:{&quot;unit&quot;:&quot;px&quot;,&quot;size&quot;:200,&quot;sizes&quot;:[]},&quot;ideal_row_height_tablet&quot;:{&quot;unit&quot;:&quot;px&quot;,&quot;size&quot;:150,&quot;sizes&quot;:[]},&quot;ideal_row_height_mobile&quot;:{&quot;unit&quot;:&quot;px&quot;,&quot;size&quot;:150,&quot;sizes&quot;:[]},&quot;gap_tablet&quot;:{&quot;unit&quot;:&quot;px&quot;,&quot;size&quot;:10,&quot;sizes&quot;:[]},&quot;gap_mobile&quot;:{&quot;unit&quot;:&quot;px&quot;,&quot;size&quot;:10,&quot;sizes&quot;:[]},&quot;link_to&quot;:&quot;file&quot;,&quot;overlay_background&quot;:&quot;yes&quot;,&quot;content_hover_animation&quot;:&quot;fade-in&quot;}\" data-widget_type=\"gallery.default\">\n\t\t\t\t<div class=\"elementor-widget-container\">\n\t\t\t\t\t\t\t<div class=\"elementor-gallery__container\">\n\t\t\t\t\t\t\t<a class=\"e-gallery-item elementor-gallery-item elementor-animated-content\" href=\"https:\/\/alpaca-austria.com\/wp-content\/uploads\/2022\/11\/20190913_162911-960x720-1.jpeg\" data-elementor-open-lightbox=\"yes\" data-elementor-lightbox-slideshow=\"3fd57685\" data-e-action-hash=\"#elementor-action%3Aaction%3Dlightbox%26settings%3DeyJpZCI6MjMxLCJ1cmwiOiJodHRwczpcL1wvYWxwYWNhLWF1c3RyaWEuY29tXC93cC1jb250ZW50XC91cGxvYWRzXC8yMDIyXC8xMVwvMjAxOTA5MTNfMTYyOTExLTk2MHg3MjAtMS5qcGVnIiwic2xpZGVzaG93IjoiM2ZkNTc2ODUifQ%3D%3D\">\n\t\t\t\t\t<div class=\"e-gallery-image elementor-gallery-item__image\" data-thumbnail=\"https:\/\/alpaca-austria.com\/wp-content\/uploads\/2022\/11\/20190913_162911-960x720-1-300x225.jpeg\" data-width=\"300\" data-height=\"225\" aria-label=\"\" role=\"img\" ><\/div>\n\t\t\t\t\t\t\t\t\t\t\t<div class=\"elementor-gallery-item__overlay\"><\/div>\n\t\t\t\t\t\t\t\t\t\t\t\t\t\t<\/a>\n\t\t\t\t\t\t\t<a class=\"e-gallery-item elementor-gallery-item elementor-animated-content\" href=\"https:\/\/alpaca-austria.com\/wp-content\/uploads\/2022\/11\/k-20190914_143735.jpeg\" data-elementor-open-lightbox=\"yes\" data-elementor-lightbox-slideshow=\"3fd57685\" data-e-action-hash=\"#elementor-action%3Aaction%3Dlightbox%26settings%3DeyJpZCI6MjQwLCJ1cmwiOiJodHRwczpcL1wvYWxwYWNhLWF1c3RyaWEuY29tXC93cC1jb250ZW50XC91cGxvYWRzXC8yMDIyXC8xMVwvay0yMDE5MDkxNF8xNDM3MzUuanBlZyIsInNsaWRlc2hvdyI6IjNmZDU3Njg1In0%3D\">\n\t\t\t\t\t<div class=\"e-gallery-image elementor-gallery-item__image\" data-thumbnail=\"https:\/\/alpaca-austria.com\/wp-content\/uploads\/2022\/11\/k-20190914_143735-225x300.jpeg\" data-width=\"225\" data-height=\"300\" aria-label=\"\" role=\"img\" ><\/div>\n\t\t\t\t\t\t\t\t\t\t\t<div class=\"elementor-gallery-item__overlay\"><\/div>\n\t\t\t\t\t\t\t\t\t\t\t\t\t\t<\/a>\n\t\t\t\t\t\t\t<a class=\"e-gallery-item elementor-gallery-item elementor-animated-content\" href=\"https:\/\/alpaca-austria.com\/wp-content\/uploads\/2022\/11\/20200704_093629-960x720-1.jpeg\" data-elementor-open-lightbox=\"yes\" data-elementor-lightbox-slideshow=\"3fd57685\" data-e-action-hash=\"#elementor-action%3Aaction%3Dlightbox%26settings%3DeyJpZCI6MjM1LCJ1cmwiOiJodHRwczpcL1wvYWxwYWNhLWF1c3RyaWEuY29tXC93cC1jb250ZW50XC91cGxvYWRzXC8yMDIyXC8xMVwvMjAyMDA3MDRfMDkzNjI5LTk2MHg3MjAtMS5qcGVnIiwic2xpZGVzaG93IjoiM2ZkNTc2ODUifQ%3D%3D\">\n\t\t\t\t\t<div class=\"e-gallery-image elementor-gallery-item__image\" data-thumbnail=\"https:\/\/alpaca-austria.com\/wp-content\/uploads\/2022\/11\/20200704_093629-960x720-1-300x225.jpeg\" data-width=\"300\" data-height=\"225\" aria-label=\"\" role=\"img\" ><\/div>\n\t\t\t\t\t\t\t\t\t\t\t<div class=\"elementor-gallery-item__overlay\"><\/div>\n\t\t\t\t\t\t\t\t\t\t\t\t\t\t<\/a>\n\t\t\t\t\t\t\t<a class=\"e-gallery-item elementor-gallery-item elementor-animated-content\" href=\"https:\/\/alpaca-austria.com\/wp-content\/uploads\/2022\/11\/k-20180606_194812.jpeg\" data-elementor-open-lightbox=\"yes\" data-elementor-lightbox-slideshow=\"3fd57685\" data-e-action-hash=\"#elementor-action%3Aaction%3Dlightbox%26settings%3DeyJpZCI6MjM3LCJ1cmwiOiJodHRwczpcL1wvYWxwYWNhLWF1c3RyaWEuY29tXC93cC1jb250ZW50XC91cGxvYWRzXC8yMDIyXC8xMVwvay0yMDE4MDYwNl8xOTQ4MTIuanBlZyIsInNsaWRlc2hvdyI6IjNmZDU3Njg1In0%3D\">\n\t\t\t\t\t<div class=\"e-gallery-image elementor-gallery-item__image\" data-thumbnail=\"https:\/\/alpaca-austria.com\/wp-content\/uploads\/2022\/11\/k-20180606_194812-225x300.jpeg\" data-width=\"225\" data-height=\"300\" aria-label=\"\" role=\"img\" ><\/div>\n\t\t\t\t\t\t\t\t\t\t\t<div class=\"elementor-gallery-item__overlay\"><\/div>\n\t\t\t\t\t\t\t\t\t\t\t\t\t\t<\/a>\n\t\t\t\t\t\t\t<a class=\"e-gallery-item elementor-gallery-item elementor-animated-content\" href=\"https:\/\/alpaca-austria.com\/wp-content\/uploads\/2022\/11\/20190914_105437-960x720-1.jpeg\" data-elementor-open-lightbox=\"yes\" data-elementor-lightbox-slideshow=\"3fd57685\" data-e-action-hash=\"#elementor-action%3Aaction%3Dlightbox%26settings%3DeyJpZCI6MjMzLCJ1cmwiOiJodHRwczpcL1wvYWxwYWNhLWF1c3RyaWEuY29tXC93cC1jb250ZW50XC91cGxvYWRzXC8yMDIyXC8xMVwvMjAxOTA5MTRfMTA1NDM3LTk2MHg3MjAtMS5qcGVnIiwic2xpZGVzaG93IjoiM2ZkNTc2ODUifQ%3D%3D\">\n\t\t\t\t\t<div class=\"e-gallery-image elementor-gallery-item__image\" data-thumbnail=\"https:\/\/alpaca-austria.com\/wp-content\/uploads\/2022\/11\/20190914_105437-960x720-1-300x225.jpeg\" data-width=\"300\" data-height=\"225\" aria-label=\"\" role=\"img\" ><\/div>\n\t\t\t\t\t\t\t\t\t\t\t<div class=\"elementor-gallery-item__overlay\"><\/div>\n\t\t\t\t\t\t\t\t\t\t\t\t\t\t<\/a>\n\t\t\t\t\t\t\t<a class=\"e-gallery-item elementor-gallery-item elementor-animated-content\" href=\"https:\/\/alpaca-austria.com\/wp-content\/uploads\/2022\/11\/20190914_105224-960x720-1.jpeg\" data-elementor-open-lightbox=\"yes\" data-elementor-lightbox-slideshow=\"3fd57685\" data-e-action-hash=\"#elementor-action%3Aaction%3Dlightbox%26settings%3DeyJpZCI6MjMyLCJ1cmwiOiJodHRwczpcL1wvYWxwYWNhLWF1c3RyaWEuY29tXC93cC1jb250ZW50XC91cGxvYWRzXC8yMDIyXC8xMVwvMjAxOTA5MTRfMTA1MjI0LTk2MHg3MjAtMS5qcGVnIiwic2xpZGVzaG93IjoiM2ZkNTc2ODUifQ%3D%3D\">\n\t\t\t\t\t<div class=\"e-gallery-image elementor-gallery-item__image\" data-thumbnail=\"https:\/\/alpaca-austria.com\/wp-content\/uploads\/2022\/11\/20190914_105224-960x720-1-300x225.jpeg\" data-width=\"300\" data-height=\"225\" aria-label=\"\" role=\"img\" ><\/div>\n\t\t\t\t\t\t\t\t\t\t\t<div class=\"elementor-gallery-item__overlay\"><\/div>\n\t\t\t\t\t\t\t\t\t\t\t\t\t\t<\/a>\n\t\t\t\t\t\t\t<a class=\"e-gallery-item elementor-gallery-item elementor-animated-content\" href=\"https:\/\/alpaca-austria.com\/wp-content\/uploads\/2022\/11\/20200704_093641-960x720-1.jpeg\" data-elementor-open-lightbox=\"yes\" data-elementor-lightbox-slideshow=\"3fd57685\" data-e-action-hash=\"#elementor-action%3Aaction%3Dlightbox%26settings%3DeyJpZCI6MjM2LCJ1cmwiOiJodHRwczpcL1wvYWxwYWNhLWF1c3RyaWEuY29tXC93cC1jb250ZW50XC91cGxvYWRzXC8yMDIyXC8xMVwvMjAyMDA3MDRfMDkzNjQxLTk2MHg3MjAtMS5qcGVnIiwic2xpZGVzaG93IjoiM2ZkNTc2ODUifQ%3D%3D\">\n\t\t\t\t\t<div class=\"e-gallery-image elementor-gallery-item__image\" data-thumbnail=\"https:\/\/alpaca-austria.com\/wp-content\/uploads\/2022\/11\/20200704_093641-960x720-1-300x225.jpeg\" data-width=\"300\" data-height=\"225\" aria-label=\"\" role=\"img\" ><\/div>\n\t\t\t\t\t\t\t\t\t\t\t<div class=\"elementor-gallery-item__overlay\"><\/div>\n\t\t\t\t\t\t\t\t\t\t\t\t\t\t<\/a>\n\t\t\t\t\t\t\t<a class=\"e-gallery-item elementor-gallery-item elementor-animated-content\" href=\"https:\/\/alpaca-austria.com\/wp-content\/uploads\/2022\/11\/20190925_183923-960x720-1.jpeg\" data-elementor-open-lightbox=\"yes\" data-elementor-lightbox-slideshow=\"3fd57685\" data-e-action-hash=\"#elementor-action%3Aaction%3Dlightbox%26settings%3DeyJpZCI6MjM0LCJ1cmwiOiJodHRwczpcL1wvYWxwYWNhLWF1c3RyaWEuY29tXC93cC1jb250ZW50XC91cGxvYWRzXC8yMDIyXC8xMVwvMjAxOTA5MjVfMTgzOTIzLTk2MHg3MjAtMS5qcGVnIiwic2xpZGVzaG93IjoiM2ZkNTc2ODUifQ%3D%3D\">\n\t\t\t\t\t<div class=\"e-gallery-image elementor-gallery-item__image\" data-thumbnail=\"https:\/\/alpaca-austria.com\/wp-content\/uploads\/2022\/11\/20190925_183923-960x720-1-300x225.jpeg\" data-width=\"300\" data-height=\"225\" aria-label=\"\" role=\"img\" ><\/div>\n\t\t\t\t\t\t\t\t\t\t\t<div class=\"elementor-gallery-item__overlay\"><\/div>\n\t\t\t\t\t\t\t\t\t\t\t\t\t\t<\/a>\n\t\t\t\t\t\t\t<a class=\"e-gallery-item elementor-gallery-item elementor-animated-content\" href=\"https:\/\/alpaca-austria.com\/wp-content\/uploads\/2022\/11\/k-20180607_162715.jpeg\" data-elementor-open-lightbox=\"yes\" data-elementor-lightbox-slideshow=\"3fd57685\" data-e-action-hash=\"#elementor-action%3Aaction%3Dlightbox%26settings%3DeyJpZCI6MjM4LCJ1cmwiOiJodHRwczpcL1wvYWxwYWNhLWF1c3RyaWEuY29tXC93cC1jb250ZW50XC91cGxvYWRzXC8yMDIyXC8xMVwvay0yMDE4MDYwN18xNjI3MTUuanBlZyIsInNsaWRlc2hvdyI6IjNmZDU3Njg1In0%3D\">\n\t\t\t\t\t<div class=\"e-gallery-image elementor-gallery-item__image\" data-thumbnail=\"https:\/\/alpaca-austria.com\/wp-content\/uploads\/2022\/11\/k-20180607_162715-225x300.jpeg\" data-width=\"225\" data-height=\"300\" aria-label=\"\" role=\"img\" ><\/div>\n\t\t\t\t\t\t\t\t\t\t\t<div class=\"elementor-gallery-item__overlay\"><\/div>\n\t\t\t\t\t\t\t\t\t\t\t\t\t\t<\/a>\n\t\t\t\t\t\t\t<a class=\"e-gallery-item elementor-gallery-item elementor-animated-content\" href=\"https:\/\/alpaca-austria.com\/wp-content\/uploads\/2022\/11\/k-20190913_140421.jpeg\" data-elementor-open-lightbox=\"yes\" data-elementor-lightbox-slideshow=\"3fd57685\" data-e-action-hash=\"#elementor-action%3Aaction%3Dlightbox%26settings%3DeyJpZCI6MjM5LCJ1cmwiOiJodHRwczpcL1wvYWxwYWNhLWF1c3RyaWEuY29tXC93cC1jb250ZW50XC91cGxvYWRzXC8yMDIyXC8xMVwvay0yMDE5MDkxM18xNDA0MjEuanBlZyIsInNsaWRlc2hvdyI6IjNmZDU3Njg1In0%3D\">\n\t\t\t\t\t<div class=\"e-gallery-image elementor-gallery-item__image\" data-thumbnail=\"https:\/\/alpaca-austria.com\/wp-content\/uploads\/2022\/11\/k-20190913_140421-225x300.jpeg\" data-width=\"225\" data-height=\"300\" aria-label=\"\" role=\"img\" ><\/div>\n\t\t\t\t\t\t\t\t\t\t\t<div class=\"elementor-gallery-item__overlay\"><\/div>\n\t\t\t\t\t\t\t\t\t\t\t\t\t\t<\/a>\n\t\t\t\t\t<\/div>\n\t\t\t\t\t<\/div>\n\t\t\t\t<\/div>\n\t\t\t\t\t<\/div>\n\t\t<\/div>\n\t\t\t\t\t<\/div>\n\t\t<\/section>\n\t\t\t\t<\/div>\n\t\t","protected":false},"excerpt":{"rendered":"<p>UNSERE PROJEKTE DIESE SEITE SOLL EUCH INFORMATIONEN \u00dcBER UNSERE PROJEKTE MIT GR\u00dcNE ERDE GEBEN, EINIGE LINKS UND VIDEOS ENTHALTEN FASERPROJEKT GR\u00dcNE ERDE &#8211; ALPACA ASSOCIATION AUSTRIA Vor nunmehr 7 Jahren haben die AAA und Gr\u00fcne Erde einen Vertrag \u00fcber die Lieferung der Faser europ\u00e4ischer Alpakaz\u00fcchter f\u00fcr die Herstellung von hochwertigen Bettdecken und Kopfp\u00f6lstern geschlossen. Wir [&hellip;]<\/p>\n","protected":false},"author":1,"featured_media":0,"parent":0,"menu_order":0,"comment_status":"closed","ping_status":"closed","template":"elementor_header_footer","meta":{"footnotes":""},"class_list":["post-41","page","type-page","status-publish","hentry"],"_links":{"self":[{"href":"https:\/\/alpaca-austria.com\/index.php?rest_route=\/wp\/v2\/pages\/41","targetHints":{"allow":["GET"]}}],"collection":[{"href":"https:\/\/alpaca-austria.com\/index.php?rest_route=\/wp\/v2\/pages"}],"about":[{"href":"https:\/\/alpaca-austria.com\/index.php?rest_route=\/wp\/v2\/types\/page"}],"author":[{"embeddable":true,"href":"https:\/\/alpaca-austria.com\/index.php?rest_route=\/wp\/v2\/users\/1"}],"replies":[{"embeddable":true,"href":"https:\/\/alpaca-austria.com\/index.php?rest_route=%2Fwp%2Fv2%2Fcomments&post=41"}],"version-history":[{"count":25,"href":"https:\/\/alpaca-austria.com\/index.php?rest_route=\/wp\/v2\/pages\/41\/revisions"}],"predecessor-version":[{"id":574,"href":"https:\/\/alpaca-austria.com\/index.php?rest_route=\/wp\/v2\/pages\/41\/revisions\/574"}],"wp:attachment":[{"href":"https:\/\/alpaca-austria.com\/index.php?rest_route=%2Fwp%2Fv2%2Fmedia&parent=41"}],"curies":[{"name":"wp","href":"https:\/\/api.w.org\/{rel}","templated":true}]}}