{"id":29,"date":"2022-11-28T07:57:18","date_gmt":"2022-11-28T07:57:18","guid":{"rendered":"http:\/\/ll998nap.at.edis.global\/?page_id=29"},"modified":"2023-11-22T10:22:11","modified_gmt":"2023-11-22T10:22:11","slug":"der-verein","status":"publish","type":"page","link":"https:\/\/alpaca-austria.com\/?page_id=29","title":{"rendered":"DER VEREIN"},"content":{"rendered":"\t\t<div data-elementor-type=\"wp-page\" data-elementor-id=\"29\" class=\"elementor elementor-29\" data-elementor-post-type=\"page\">\n\t\t\t\t\t\t<section class=\"elementor-section elementor-top-section elementor-element elementor-element-771f89e1 elementor-section-height-min-height elementor-section-boxed elementor-section-height-default elementor-section-items-middle\" data-id=\"771f89e1\" data-element_type=\"section\" data-settings=\"{&quot;background_background&quot;:&quot;classic&quot;}\">\n\t\t\t\t\t\t<div class=\"elementor-container elementor-column-gap-default\">\n\t\t\t\t\t<div class=\"elementor-column elementor-col-100 elementor-top-column elementor-element elementor-element-6da06d8b\" data-id=\"6da06d8b\" data-element_type=\"column\">\n\t\t\t<div class=\"elementor-widget-wrap\">\n\t\t\t\t\t\t\t<\/div>\n\t\t<\/div>\n\t\t\t\t\t<\/div>\n\t\t<\/section>\n\t\t\t\t<section class=\"elementor-section elementor-top-section elementor-element elementor-element-7f6d12a4 elementor-section-boxed elementor-section-height-default elementor-section-height-default\" data-id=\"7f6d12a4\" data-element_type=\"section\">\n\t\t\t\t\t\t<div class=\"elementor-container elementor-column-gap-default\">\n\t\t\t\t\t<div class=\"elementor-column elementor-col-100 elementor-top-column elementor-element elementor-element-27c5f468\" data-id=\"27c5f468\" data-element_type=\"column\">\n\t\t\t<div class=\"elementor-widget-wrap elementor-element-populated\">\n\t\t\t\t\t\t<div class=\"elementor-element elementor-element-3cd9b3d4 elementor-widget elementor-widget-image\" data-id=\"3cd9b3d4\" data-element_type=\"widget\" data-widget_type=\"image.default\">\n\t\t\t\t<div class=\"elementor-widget-container\">\n\t\t\t\t\t\t\t\t\t\t\t\t\t\t\t<img fetchpriority=\"high\" decoding=\"async\" width=\"536\" height=\"140\" src=\"https:\/\/alpaca-austria.com\/wp-content\/uploads\/2022\/11\/bildmarke_aaa-1-1.png\" class=\"attachment-large size-large wp-image-111\" alt=\"\" srcset=\"https:\/\/alpaca-austria.com\/wp-content\/uploads\/2022\/11\/bildmarke_aaa-1-1.png 536w, https:\/\/alpaca-austria.com\/wp-content\/uploads\/2022\/11\/bildmarke_aaa-1-1-300x78.png 300w\" sizes=\"(max-width: 536px) 100vw, 536px\" \/>\t\t\t\t\t\t\t\t\t\t\t\t\t\t\t<\/div>\n\t\t\t\t<\/div>\n\t\t\t\t<div class=\"elementor-element elementor-element-1fd28d9f elementor-widget elementor-widget-heading\" data-id=\"1fd28d9f\" data-element_type=\"widget\" data-widget_type=\"heading.default\">\n\t\t\t\t<div class=\"elementor-widget-container\">\n\t\t\t\t\t<h2 class=\"elementor-heading-title elementor-size-default\">DER VEREIN STELLT SICH VOR<\/h2>\t\t\t\t<\/div>\n\t\t\t\t<\/div>\n\t\t\t\t<div class=\"elementor-element elementor-element-3564c4fd elementor-widget elementor-widget-text-editor\" data-id=\"3564c4fd\" data-element_type=\"widget\" data-widget_type=\"text-editor.default\">\n\t\t\t\t<div class=\"elementor-widget-container\">\n\t\t\t\t\t\t\t\t\t<p><strong>Alpaca Association Austria (auch &#8222;AAA&#8220;) <\/strong><br \/><strong>Verein \u00f6sterreichischer Alpakaz\u00fcchter <\/strong><br \/><strong>ZVR-Zahl: 337410384<\/strong><\/p><p>F\u00fcnf f\u00fchrende Zuchtbetriebe aus den Bundesl\u00e4ndern Steiermark, Salzburg und Ober\u00f6sterreich haben die Initiative ergriffen und diese neue &#8222;Innovationsdrehscheibe&#8220; f\u00fcr heimische Alpakahalter und -z\u00fcchter ins Leben gerufen.<\/p><p>Der Alpakamarkt in \u00d6sterreich ist ein best\u00e4ndig wachsender Wirtschaftsfaktor, welcher in der Landwirtschaft immer gr\u00f6\u00dfere Bedeutung gewinnt. Wir sind \u00fcberzeugt, dass hier speziell am Wollsektor eine Marktnische mit unsch\u00e4tzbarem Potenzial vorliegt.<\/p><p>Wir werden in den n\u00e4chsten Jahren Pionierarbeit f\u00fcr eine der hochwertigsten Naturfasern der Welt leisten und haben den Vereinszweck wie folgt defininiert:<\/p><ul><li>F\u00f6rderung der Haltung, Zucht und Nutzung von Alpakas<\/li><li>Verbesserung der Qualit\u00e4t in der Zucht von Alpakas<\/li><li>Unterst\u00fctzung beim Aufbau einer nationalen Alpakafaser Verarbeitungsindustrie<\/li><li>Unterst\u00fctzung beim Aufbau eines nationalen Marktes f\u00fcr den Absatz der Alpakafaser<\/li><li>Veranstaltung von Seminaren, Stammtischen, Ausstellungen und Absatzveranstaltungen<\/li><li>\u00d6ffentlichkeitsarbeit zur Verbesserung des Allgemeinwissens \u00fcber Alpakas<\/li><li>F\u00f6rderung der tiergest\u00fctzten Aktivit\u00e4t und Therapie mit Alpakas <\/li><li>F\u00f6rderung der nationalen und internationalen Zusammenarbeit zwischen Vereinen, Verb\u00e4nden und Tierhaltern<\/li><li>Beratung und Information f\u00fcr \u00f6sterreichische Alpakahalter sowie Vertretung \u00f6sterreichischer Alpakahalter gegen\u00fcber nationalen und internationalen Organisationen<\/li><\/ul><p>\u00a0<\/p><p>Weiters sind auch Shows und eine verst\u00e4rkte Pr\u00e4sentation der &#8222;g\u00f6ttlichen Vlieslieferanten&#8220;, um diese einer breiten \u00d6ffentlichkeit in \u00d6sterreich zug\u00e4nglich zu machen, geplant.<\/p><p>Unser Motto lautet &#8222;Gemeinsam erfolgreich!&#8220; und daher informieren Sie sich \u00fcber uns auf der Homepage, bei Mitgliedsbetrieben oder direkt bei unserem Vorstand \u00fcber eine starke Gemeinschaft. Wir freuen uns \u00fcber Ihre Anfrage.<\/p>\t\t\t\t\t\t\t\t<\/div>\n\t\t\t\t<\/div>\n\t\t\t\t\t<\/div>\n\t\t<\/div>\n\t\t\t\t\t<\/div>\n\t\t<\/section>\n\t\t\t\t<\/div>\n\t\t","protected":false},"excerpt":{"rendered":"<p>DER VEREIN STELLT SICH VOR Alpaca Association Austria (auch &#8222;AAA&#8220;) Verein \u00f6sterreichischer Alpakaz\u00fcchter ZVR-Zahl: 337410384 F\u00fcnf f\u00fchrende Zuchtbetriebe aus den Bundesl\u00e4ndern Steiermark, Salzburg und Ober\u00f6sterreich haben die Initiative ergriffen und diese neue &#8222;Innovationsdrehscheibe&#8220; f\u00fcr heimische Alpakahalter und -z\u00fcchter ins Leben gerufen. Der Alpakamarkt in \u00d6sterreich ist ein best\u00e4ndig wachsender Wirtschaftsfaktor, welcher in der Landwirtschaft immer [&hellip;]<\/p>\n","protected":false},"author":1,"featured_media":0,"parent":0,"menu_order":0,"comment_status":"closed","ping_status":"closed","template":"elementor_header_footer","meta":{"footnotes":""},"class_list":["post-29","page","type-page","status-publish","hentry"],"_links":{"self":[{"href":"https:\/\/alpaca-austria.com\/index.php?rest_route=\/wp\/v2\/pages\/29","targetHints":{"allow":["GET"]}}],"collection":[{"href":"https:\/\/alpaca-austria.com\/index.php?rest_route=\/wp\/v2\/pages"}],"about":[{"href":"https:\/\/alpaca-austria.com\/index.php?rest_route=\/wp\/v2\/types\/page"}],"author":[{"embeddable":true,"href":"https:\/\/alpaca-austria.com\/index.php?rest_route=\/wp\/v2\/users\/1"}],"replies":[{"embeddable":true,"href":"https:\/\/alpaca-austria.com\/index.php?rest_route=%2Fwp%2Fv2%2Fcomments&post=29"}],"version-history":[{"count":17,"href":"https:\/\/alpaca-austria.com\/index.php?rest_route=\/wp\/v2\/pages\/29\/revisions"}],"predecessor-version":[{"id":1167,"href":"https:\/\/alpaca-austria.com\/index.php?rest_route=\/wp\/v2\/pages\/29\/revisions\/1167"}],"wp:attachment":[{"href":"https:\/\/alpaca-austria.com\/index.php?rest_route=%2Fwp%2Fv2%2Fmedia&parent=29"}],"curies":[{"name":"wp","href":"https:\/\/api.w.org\/{rel}","templated":true}]}}