{"id":16,"date":"2022-11-28T07:52:03","date_gmt":"2022-11-28T07:52:03","guid":{"rendered":"http:\/\/ll998nap.at.edis.global\/?page_id=16"},"modified":"2023-11-22T10:22:38","modified_gmt":"2023-11-22T10:22:38","slug":"das-alpaka","status":"publish","type":"page","link":"https:\/\/alpaca-austria.com\/?page_id=16","title":{"rendered":"DAS ALPAKA"},"content":{"rendered":"\t\t<div data-elementor-type=\"wp-page\" data-elementor-id=\"16\" class=\"elementor elementor-16\" data-elementor-post-type=\"page\">\n\t\t\t\t\t\t<section class=\"elementor-section elementor-top-section elementor-element elementor-element-154b1677 elementor-section-height-min-height elementor-section-boxed elementor-section-height-default elementor-section-items-middle\" data-id=\"154b1677\" data-element_type=\"section\" data-settings=\"{&quot;background_background&quot;:&quot;classic&quot;}\">\n\t\t\t\t\t\t<div class=\"elementor-container elementor-column-gap-default\">\n\t\t\t\t\t<div class=\"elementor-column elementor-col-100 elementor-top-column elementor-element elementor-element-2f6e7dd3\" data-id=\"2f6e7dd3\" data-element_type=\"column\">\n\t\t\t<div class=\"elementor-widget-wrap\">\n\t\t\t\t\t\t\t<\/div>\n\t\t<\/div>\n\t\t\t\t\t<\/div>\n\t\t<\/section>\n\t\t\t\t<section class=\"elementor-section elementor-top-section elementor-element elementor-element-39fce363 elementor-section-boxed elementor-section-height-default elementor-section-height-default\" data-id=\"39fce363\" data-element_type=\"section\">\n\t\t\t\t\t\t<div class=\"elementor-container elementor-column-gap-default\">\n\t\t\t\t\t<div class=\"elementor-column elementor-col-100 elementor-top-column elementor-element elementor-element-7ca92a78\" data-id=\"7ca92a78\" data-element_type=\"column\">\n\t\t\t<div class=\"elementor-widget-wrap elementor-element-populated\">\n\t\t\t\t\t\t<div class=\"elementor-element elementor-element-549a68ed elementor-widget elementor-widget-image\" data-id=\"549a68ed\" data-element_type=\"widget\" data-widget_type=\"image.default\">\n\t\t\t\t<div class=\"elementor-widget-container\">\n\t\t\t\t\t\t\t\t\t\t\t\t\t\t\t<img fetchpriority=\"high\" decoding=\"async\" width=\"536\" height=\"140\" src=\"https:\/\/alpaca-austria.com\/wp-content\/uploads\/2022\/11\/bildmarke_aaa-1-1.png\" class=\"attachment-large size-large wp-image-111\" alt=\"\" srcset=\"https:\/\/alpaca-austria.com\/wp-content\/uploads\/2022\/11\/bildmarke_aaa-1-1.png 536w, https:\/\/alpaca-austria.com\/wp-content\/uploads\/2022\/11\/bildmarke_aaa-1-1-300x78.png 300w\" sizes=\"(max-width: 536px) 100vw, 536px\" \/>\t\t\t\t\t\t\t\t\t\t\t\t\t\t\t<\/div>\n\t\t\t\t<\/div>\n\t\t\t\t<div class=\"elementor-element elementor-element-4f7f77cd elementor-widget elementor-widget-heading\" data-id=\"4f7f77cd\" data-element_type=\"widget\" data-widget_type=\"heading.default\">\n\t\t\t\t<div class=\"elementor-widget-container\">\n\t\t\t\t\t<h2 class=\"elementor-heading-title elementor-size-default\">DAS ALPAKA<\/h2>\t\t\t\t<\/div>\n\t\t\t\t<\/div>\n\t\t\t\t<div class=\"elementor-element elementor-element-7e6e8bb4 elementor-widget elementor-widget-text-editor\" data-id=\"7e6e8bb4\" data-element_type=\"widget\" data-widget_type=\"text-editor.default\">\n\t\t\t\t<div class=\"elementor-widget-container\">\n\t\t\t\t\t\t\t\t\t<p><strong>ALLGEMEINE INFORMATIONEN<\/strong><\/p>\t\t\t\t\t\t\t\t<\/div>\n\t\t\t\t<\/div>\n\t\t\t\t<section class=\"elementor-section elementor-inner-section elementor-element elementor-element-364f581a elementor-section-boxed elementor-section-height-default elementor-section-height-default\" data-id=\"364f581a\" data-element_type=\"section\">\n\t\t\t\t\t\t<div class=\"elementor-container elementor-column-gap-default\">\n\t\t\t\t\t<div class=\"elementor-column elementor-col-50 elementor-inner-column elementor-element elementor-element-6a3ce66b\" data-id=\"6a3ce66b\" data-element_type=\"column\">\n\t\t\t<div class=\"elementor-widget-wrap elementor-element-populated\">\n\t\t\t\t\t\t<div class=\"elementor-element elementor-element-6f3b4ccf elementor-widget elementor-widget-text-editor\" data-id=\"6f3b4ccf\" data-element_type=\"widget\" data-widget_type=\"text-editor.default\">\n\t\t\t\t<div class=\"elementor-widget-container\">\n\t\t\t\t\t\t\t\t\t<p>Das Alpaka (Vicugna pacos) wurde vor mehreren 1000 Jahren, von den Vorfahren der Inkas in den s\u00fcdamerikanischen Anden aus dem Vikuja domestiziert. <br \/>Das Alpaka geh\u00f6rt zur Familie der Kamele (Camelidae) und zur Gattung der Vicunjas (Vicugna) und wird wegen seiner hochwertigen Wolle gez\u00fcchtet.<\/p><p>Aufgrund des Haus- und Begleittiercharakters der ruhigen und friedlichen Alpakas werden diese in Europa in der tiergest\u00fctzten Aktivit\u00e4t und Therapie eingesetzt. <br \/>Es gibt zwei Alpakatypen, das Huacaya und das Suri. Sie unterscheiden sich in der Struktur ihrer Faser: Das Huacaya-Alpaka hat eine feine, gleichm\u00e4\u00dfig gekr\u00e4uselte Faser (Crimp) und einige Grannenhaare (Deckhaare), die m\u00f6glichst fein sein sollten. <br \/>Das Suri-Alpaka hingegen hat keine Kr\u00e4uselung (Crimp) in der Faser, das Haar bildet gelockte, gerade Str\u00e4hnen, die am Tier herabh\u00e4ngen. Dadurch wirken Suris oft schmaler als Huacayas.<\/p><p>Alpakas werden bis 1 m gro\u00df und das Gewicht bei Stuten ist ca. 50-65 kg und Hengste 80-95 kg schwer. Sie haben ein langes Leben von etwa 20 Jahren. Es wird pro Jahr nur ein Fohlen geboren, auch Cria genannt. Die Tragzeit der Stute betr\u00e4gt ca. 11 1\/2 Monate.<br \/>Die Geburt findet normalerweise bei Tageslicht statt, da die Sonne das Cria gleich trocknet und Feinde (in den Herkunftsl\u00e4ndern z.B. Pumas) meist Nachts angreifen, aber es gibt auch Ausnahmen. <\/p>\t\t\t\t\t\t\t\t<\/div>\n\t\t\t\t<\/div>\n\t\t\t\t\t<\/div>\n\t\t<\/div>\n\t\t\t\t<div class=\"elementor-column elementor-col-50 elementor-inner-column elementor-element elementor-element-fbb565f\" data-id=\"fbb565f\" data-element_type=\"column\">\n\t\t\t<div class=\"elementor-widget-wrap elementor-element-populated\">\n\t\t\t\t\t\t<div class=\"elementor-element elementor-element-5b321db6 elementor-widget elementor-widget-text-editor\" data-id=\"5b321db6\" data-element_type=\"widget\" data-widget_type=\"text-editor.default\">\n\t\t\t\t<div class=\"elementor-widget-container\">\n\t\t\t\t\t\t\t\t\t<p>Alpakas faszinieren durch ihr knuffiges Aussehen, ihr intelligentes, ruhiges, sch\u00fcchternes Wesen. Durch ihre hochwertige Faser und der weltweit noch geringen Alpakapopulation werden sie zu \u00e4u\u00dferst kostbaren Nutztieren.<br \/>In Ihrer Heimat wurden sie von den spanischen Eroberern dramatisch dezimiert und durch Schafe ersetzt, man arbeitet immer daran die Population wieder zu stabilisieren.Die Farbpalette der Alpakas beginnt bei reinem wei\u00df bis hin zum tiefen schwarz. Hierbei kommt es zu \u00fcber zwanzig Farbt\u00f6nen.<br \/>Man nennt es auch das Vlies der G\u00f6tter, da dieses fr\u00fcher nur dem K\u00f6nigshaus der Inkas vorbehalten war. Es ist bekannt f\u00fcr seine Weichheit, Feinheit und den Glanz dieser Faser und bestens f\u00fcr Allergiker geeignet.<\/p><p>Alpakas sind \u00e4u\u00dferst wachsame und neugierige Tiere. Sie kommunizieren untereinander \u00fcber ihre K\u00f6rperhaltung, Schwanz- und Ohrbewegungen und eine Vielzahl von Lauten, meist ein sanftes Summen. Genau das macht das Alpaka so liebenswert.<\/p><p><strong>Mehr Informationen:<\/strong><br \/><a href=\"https:\/\/alpaca-austria.com\/wp-content\/uploads\/2022\/11\/20_11_12_Neuweltkamele_Broschuere.pdf\">LFI Folder Neuweltkamele<\/a><\/p>\t\t\t\t\t\t\t\t<\/div>\n\t\t\t\t<\/div>\n\t\t\t\t\t<\/div>\n\t\t<\/div>\n\t\t\t\t\t<\/div>\n\t\t<\/section>\n\t\t\t\t\t<\/div>\n\t\t<\/div>\n\t\t\t\t\t<\/div>\n\t\t<\/section>\n\t\t\t\t<section class=\"elementor-section elementor-top-section elementor-element elementor-element-7dbdafd6 elementor-section-boxed elementor-section-height-default elementor-section-height-default\" data-id=\"7dbdafd6\" data-element_type=\"section\">\n\t\t\t\t\t\t<div class=\"elementor-container elementor-column-gap-default\">\n\t\t\t\t\t<div class=\"elementor-column elementor-col-33 elementor-top-column elementor-element elementor-element-6bf57d8\" data-id=\"6bf57d8\" data-element_type=\"column\" data-settings=\"{&quot;background_background&quot;:&quot;classic&quot;}\">\n\t\t\t<div class=\"elementor-widget-wrap elementor-element-populated\">\n\t\t\t\t\t\t<div class=\"elementor-element elementor-element-7992ba8d elementor-widget elementor-widget-image\" data-id=\"7992ba8d\" data-element_type=\"widget\" data-widget_type=\"image.default\">\n\t\t\t\t<div class=\"elementor-widget-container\">\n\t\t\t\t\t\t\t\t\t\t\t\t\t\t\t\t<a href=\"https:\/\/alpaca-austria.com\/?page_id=23\">\n\t\t\t\t\t\t\t<img decoding=\"async\" width=\"800\" height=\"800\" src=\"https:\/\/alpaca-austria.com\/wp-content\/uploads\/2022\/11\/MG_0241-1024x1024.png\" class=\"elementor-animation-rotate attachment-large size-large wp-image-168\" alt=\"\" srcset=\"https:\/\/alpaca-austria.com\/wp-content\/uploads\/2022\/11\/MG_0241-1024x1024.png 1024w, https:\/\/alpaca-austria.com\/wp-content\/uploads\/2022\/11\/MG_0241-300x300.png 300w, https:\/\/alpaca-austria.com\/wp-content\/uploads\/2022\/11\/MG_0241-150x150.png 150w, https:\/\/alpaca-austria.com\/wp-content\/uploads\/2022\/11\/MG_0241-768x768.png 768w, https:\/\/alpaca-austria.com\/wp-content\/uploads\/2022\/11\/MG_0241-1536x1536.png 1536w, https:\/\/alpaca-austria.com\/wp-content\/uploads\/2022\/11\/MG_0241.png 1832w\" sizes=\"(max-width: 800px) 100vw, 800px\" \/>\t\t\t\t\t\t\t\t<\/a>\n\t\t\t\t\t\t\t\t\t\t\t\t\t\t\t<\/div>\n\t\t\t\t<\/div>\n\t\t\t\t<div class=\"elementor-element elementor-element-4434e64c elementor-widget elementor-widget-text-editor\" data-id=\"4434e64c\" data-element_type=\"widget\" data-widget_type=\"text-editor.default\">\n\t\t\t\t<div class=\"elementor-widget-container\">\n\t\t\t\t\t\t\t\t\t<p><strong>HALTUNG<br \/><br \/><\/strong><\/p>\t\t\t\t\t\t\t\t<\/div>\n\t\t\t\t<\/div>\n\t\t\t\t<div class=\"elementor-element elementor-element-554dbd5c elementor-align-center elementor-widget elementor-widget-button\" data-id=\"554dbd5c\" data-element_type=\"widget\" data-widget_type=\"button.default\">\n\t\t\t\t<div class=\"elementor-widget-container\">\n\t\t\t\t\t\t\t\t\t<div class=\"elementor-button-wrapper\">\n\t\t\t\t\t<a class=\"elementor-button elementor-button-link elementor-size-sm\" href=\"https:\/\/alpaca-austria.com\/?page_id=23\">\n\t\t\t\t\t\t<span class=\"elementor-button-content-wrapper\">\n\t\t\t\t\t\t\t\t\t<span class=\"elementor-button-text\">MEHR DAZU<\/span>\n\t\t\t\t\t<\/span>\n\t\t\t\t\t<\/a>\n\t\t\t\t<\/div>\n\t\t\t\t\t\t\t\t<\/div>\n\t\t\t\t<\/div>\n\t\t\t\t\t<\/div>\n\t\t<\/div>\n\t\t\t\t<div class=\"elementor-column elementor-col-33 elementor-top-column elementor-element elementor-element-1048a977\" data-id=\"1048a977\" data-element_type=\"column\" data-settings=\"{&quot;background_background&quot;:&quot;classic&quot;}\">\n\t\t\t<div class=\"elementor-widget-wrap elementor-element-populated\">\n\t\t\t\t\t\t<div class=\"elementor-element elementor-element-17ff0518 elementor-widget elementor-widget-image\" data-id=\"17ff0518\" data-element_type=\"widget\" data-widget_type=\"image.default\">\n\t\t\t\t<div class=\"elementor-widget-container\">\n\t\t\t\t\t\t\t\t\t\t\t\t\t\t\t\t<a href=\"https:\/\/alpaca-austria.com\/?page_id=18\">\n\t\t\t\t\t\t\t<img decoding=\"async\" width=\"800\" height=\"800\" src=\"https:\/\/alpaca-austria.com\/wp-content\/uploads\/2022\/11\/MG_0132-1024x1024.png\" class=\"elementor-animation-rotate attachment-large size-large wp-image-169\" alt=\"\" srcset=\"https:\/\/alpaca-austria.com\/wp-content\/uploads\/2022\/11\/MG_0132-1024x1024.png 1024w, https:\/\/alpaca-austria.com\/wp-content\/uploads\/2022\/11\/MG_0132-300x300.png 300w, https:\/\/alpaca-austria.com\/wp-content\/uploads\/2022\/11\/MG_0132-150x150.png 150w, https:\/\/alpaca-austria.com\/wp-content\/uploads\/2022\/11\/MG_0132-768x768.png 768w, https:\/\/alpaca-austria.com\/wp-content\/uploads\/2022\/11\/MG_0132-1536x1536.png 1536w, https:\/\/alpaca-austria.com\/wp-content\/uploads\/2022\/11\/MG_0132-2048x2048.png 2048w\" sizes=\"(max-width: 800px) 100vw, 800px\" \/>\t\t\t\t\t\t\t\t<\/a>\n\t\t\t\t\t\t\t\t\t\t\t\t\t\t\t<\/div>\n\t\t\t\t<\/div>\n\t\t\t\t<div class=\"elementor-element elementor-element-22e3d412 elementor-widget elementor-widget-text-editor\" data-id=\"22e3d412\" data-element_type=\"widget\" data-widget_type=\"text-editor.default\">\n\t\t\t\t<div class=\"elementor-widget-container\">\n\t\t\t\t\t\t\t\t\t<p><strong>F\u00dcTTERUNG<br \/>&amp; PFLEGE<\/strong><\/p>\t\t\t\t\t\t\t\t<\/div>\n\t\t\t\t<\/div>\n\t\t\t\t<div class=\"elementor-element elementor-element-5c78ff0 elementor-align-center elementor-widget elementor-widget-button\" data-id=\"5c78ff0\" data-element_type=\"widget\" data-widget_type=\"button.default\">\n\t\t\t\t<div class=\"elementor-widget-container\">\n\t\t\t\t\t\t\t\t\t<div class=\"elementor-button-wrapper\">\n\t\t\t\t\t<a class=\"elementor-button elementor-button-link elementor-size-sm\" href=\"https:\/\/alpaca-austria.com\/?page_id=18\">\n\t\t\t\t\t\t<span class=\"elementor-button-content-wrapper\">\n\t\t\t\t\t\t\t\t\t<span class=\"elementor-button-text\">MEHR DAZU<\/span>\n\t\t\t\t\t<\/span>\n\t\t\t\t\t<\/a>\n\t\t\t\t<\/div>\n\t\t\t\t\t\t\t\t<\/div>\n\t\t\t\t<\/div>\n\t\t\t\t\t<\/div>\n\t\t<\/div>\n\t\t\t\t<div class=\"elementor-column elementor-col-33 elementor-top-column elementor-element elementor-element-212ebd12\" data-id=\"212ebd12\" data-element_type=\"column\" data-settings=\"{&quot;background_background&quot;:&quot;classic&quot;}\">\n\t\t\t<div class=\"elementor-widget-wrap elementor-element-populated\">\n\t\t\t\t\t\t<div class=\"elementor-element elementor-element-5fcc797f elementor-widget elementor-widget-image\" data-id=\"5fcc797f\" data-element_type=\"widget\" data-widget_type=\"image.default\">\n\t\t\t\t<div class=\"elementor-widget-container\">\n\t\t\t\t\t\t\t\t\t\t\t\t\t\t\t\t<a href=\"https:\/\/alpaca-austria.com\/?page_id=20\">\n\t\t\t\t\t\t\t<img loading=\"lazy\" decoding=\"async\" width=\"800\" height=\"800\" src=\"https:\/\/alpaca-austria.com\/wp-content\/uploads\/2022\/11\/MG_0232-1024x1024.png\" class=\"elementor-animation-rotate attachment-large size-large wp-image-170\" alt=\"\" srcset=\"https:\/\/alpaca-austria.com\/wp-content\/uploads\/2022\/11\/MG_0232-1024x1024.png 1024w, https:\/\/alpaca-austria.com\/wp-content\/uploads\/2022\/11\/MG_0232-300x300.png 300w, https:\/\/alpaca-austria.com\/wp-content\/uploads\/2022\/11\/MG_0232-150x150.png 150w, https:\/\/alpaca-austria.com\/wp-content\/uploads\/2022\/11\/MG_0232-768x768.png 768w, https:\/\/alpaca-austria.com\/wp-content\/uploads\/2022\/11\/MG_0232-1536x1536.png 1536w, https:\/\/alpaca-austria.com\/wp-content\/uploads\/2022\/11\/MG_0232.png 1851w\" sizes=\"(max-width: 800px) 100vw, 800px\" \/>\t\t\t\t\t\t\t\t<\/a>\n\t\t\t\t\t\t\t\t\t\t\t\t\t\t\t<\/div>\n\t\t\t\t<\/div>\n\t\t\t\t<div class=\"elementor-element elementor-element-6c064e6c elementor-widget elementor-widget-text-editor\" data-id=\"6c064e6c\" data-element_type=\"widget\" data-widget_type=\"text-editor.default\">\n\t\t\t\t<div class=\"elementor-widget-container\">\n\t\t\t\t\t\t\t\t\t<p><strong>GESETZE<br \/><br \/><\/strong><\/p>\t\t\t\t\t\t\t\t<\/div>\n\t\t\t\t<\/div>\n\t\t\t\t<div class=\"elementor-element elementor-element-14e9285e elementor-align-center elementor-widget elementor-widget-button\" data-id=\"14e9285e\" data-element_type=\"widget\" data-widget_type=\"button.default\">\n\t\t\t\t<div class=\"elementor-widget-container\">\n\t\t\t\t\t\t\t\t\t<div class=\"elementor-button-wrapper\">\n\t\t\t\t\t<a class=\"elementor-button elementor-button-link elementor-size-sm\" href=\"https:\/\/alpaca-austria.com\/?page_id=20\">\n\t\t\t\t\t\t<span class=\"elementor-button-content-wrapper\">\n\t\t\t\t\t\t\t\t\t<span class=\"elementor-button-text\">MEHR DAZU<\/span>\n\t\t\t\t\t<\/span>\n\t\t\t\t\t<\/a>\n\t\t\t\t<\/div>\n\t\t\t\t\t\t\t\t<\/div>\n\t\t\t\t<\/div>\n\t\t\t\t\t<\/div>\n\t\t<\/div>\n\t\t\t\t\t<\/div>\n\t\t<\/section>\n\t\t\t\t<\/div>\n\t\t","protected":false},"excerpt":{"rendered":"<p>DAS ALPAKA ALLGEMEINE INFORMATIONEN Das Alpaka (Vicugna pacos) wurde vor mehreren 1000 Jahren, von den Vorfahren der Inkas in den s\u00fcdamerikanischen Anden aus dem Vikuja domestiziert. Das Alpaka geh\u00f6rt zur Familie der Kamele (Camelidae) und zur Gattung der Vicunjas (Vicugna) und wird wegen seiner hochwertigen Wolle gez\u00fcchtet. Aufgrund des Haus- und Begleittiercharakters der ruhigen und [&hellip;]<\/p>\n","protected":false},"author":1,"featured_media":0,"parent":0,"menu_order":0,"comment_status":"closed","ping_status":"closed","template":"elementor_header_footer","meta":{"footnotes":""},"class_list":["post-16","page","type-page","status-publish","hentry"],"_links":{"self":[{"href":"https:\/\/alpaca-austria.com\/index.php?rest_route=\/wp\/v2\/pages\/16","targetHints":{"allow":["GET"]}}],"collection":[{"href":"https:\/\/alpaca-austria.com\/index.php?rest_route=\/wp\/v2\/pages"}],"about":[{"href":"https:\/\/alpaca-austria.com\/index.php?rest_route=\/wp\/v2\/types\/page"}],"author":[{"embeddable":true,"href":"https:\/\/alpaca-austria.com\/index.php?rest_route=\/wp\/v2\/users\/1"}],"replies":[{"embeddable":true,"href":"https:\/\/alpaca-austria.com\/index.php?rest_route=%2Fwp%2Fv2%2Fcomments&post=16"}],"version-history":[{"count":16,"href":"https:\/\/alpaca-austria.com\/index.php?rest_route=\/wp\/v2\/pages\/16\/revisions"}],"predecessor-version":[{"id":778,"href":"https:\/\/alpaca-austria.com\/index.php?rest_route=\/wp\/v2\/pages\/16\/revisions\/778"}],"wp:attachment":[{"href":"https:\/\/alpaca-austria.com\/index.php?rest_route=%2Fwp%2Fv2%2Fmedia&parent=16"}],"curies":[{"name":"wp","href":"https:\/\/api.w.org\/{rel}","templated":true}]}}